{"id":10989,"date":"2019-09-19T14:38:37","date_gmt":"2019-09-19T14:38:37","guid":{"rendered":"https:\/\/www.hinegroup.com\/?page_id=10989"},"modified":"2019-12-10T10:49:11","modified_gmt":"2019-12-10T10:49:11","slug":"contacto","status":"publish","type":"page","link":"https:\/\/www.hinegroup.com\/es\/contacto\/","title":{"rendered":"Contacto"},"content":{"rendered":"","protected":false},"excerpt":{"rendered":"","protected":false},"author":1,"featured_media":0,"parent":0,"menu_order":0,"comment_status":"closed","ping_status":"closed","template":"templates\/contact.php","meta":{"footnotes":""},"class_list":["post-10989","page","type-page","status-publish","hentry"],"yoast_head":"<!-- This site is optimized with the Yoast SEO plugin v24.8.1 - https:\/\/yoast.com\/wordpress\/plugins\/seo\/ -->\n<title>Hine: direcci\u00f3n y tel\u00e9fono de Oficinas, Delegaciones y Filiales<\/title>\n<meta name=\"description\" content=\"\u00bfBuscas la direcci\u00f3n, tel\u00e9fono o email de de Hine en Espa\u00f1a, Estados Unidos, Brasil, India o Hine China? En esta p\u00e1gina tienes todos nuestros datos.\" \/>\n<meta name=\"robots\" content=\"index, follow, max-snippet:-1, max-image-preview:large, max-video-preview:-1\" \/>\n<link rel=\"canonical\" href=\"https:\/\/www.hinegroup.com\/es\/contacto\/\" \/>\n<meta property=\"og:locale\" content=\"es_ES\" \/>\n<meta property=\"og:type\" content=\"article\" \/>\n<meta property=\"og:title\" content=\"Hine: direcci\u00f3n y tel\u00e9fono de Oficinas, Delegaciones y Filiales\" \/>\n<meta property=\"og:description\" content=\"\u00bfBuscas la direcci\u00f3n, tel\u00e9fono o email de de Hine en Espa\u00f1a, Estados Unidos, Brasil, India o Hine China? En esta p\u00e1gina tienes todos nuestros datos.\" \/>\n<meta property=\"og:url\" content=\"https:\/\/www.hinegroup.com\/es\/contacto\/\" \/>\n<meta property=\"og:site_name\" content=\"Hine\" \/>\n<meta property=\"article:modified_time\" content=\"2019-12-10T10:49:11+00:00\" \/>\n<meta name=\"twitter:card\" content=\"summary_large_image\" \/>\n<script type=\"application\/ld+json\" class=\"yoast-schema-graph\">{\"@context\":\"https:\/\/schema.org\",\"@graph\":[{\"@type\":\"WebPage\",\"@id\":\"https:\/\/www.hinegroup.com\/es\/contacto\/\",\"url\":\"https:\/\/www.hinegroup.com\/es\/contacto\/\",\"name\":\"Hine: direcci\u00f3n y tel\u00e9fono de Oficinas, Delegaciones y Filiales\",\"isPartOf\":{\"@id\":\"https:\/\/www.hinegroup.com\/#website\"},\"datePublished\":\"2019-09-19T14:38:37+00:00\",\"dateModified\":\"2019-12-10T10:49:11+00:00\",\"description\":\"\u00bfBuscas la direcci\u00f3n, tel\u00e9fono o email de de Hine en Espa\u00f1a, Estados Unidos, Brasil, India o Hine China? En esta p\u00e1gina tienes todos nuestros datos.\",\"breadcrumb\":{\"@id\":\"https:\/\/www.hinegroup.com\/es\/contacto\/#breadcrumb\"},\"inLanguage\":\"es\",\"potentialAction\":[{\"@type\":\"ReadAction\",\"target\":[\"https:\/\/www.hinegroup.com\/es\/contacto\/\"]}]},{\"@type\":\"BreadcrumbList\",\"@id\":\"https:\/\/www.hinegroup.com\/es\/contacto\/#breadcrumb\",\"itemListElement\":[{\"@type\":\"ListItem\",\"position\":1,\"name\":\"Portada\",\"item\":\"https:\/\/www.hinegroup.com\/es\/\"},{\"@type\":\"ListItem\",\"position\":2,\"name\":\"Contacto\"}]},{\"@type\":\"WebSite\",\"@id\":\"https:\/\/www.hinegroup.com\/#website\",\"url\":\"https:\/\/www.hinegroup.com\/\",\"name\":\"Hine\",\"description\":\"Hine Group \u2013 Hydraulics for Renewables and Industrial Applications\",\"potentialAction\":[{\"@type\":\"SearchAction\",\"target\":{\"@type\":\"EntryPoint\",\"urlTemplate\":\"https:\/\/www.hinegroup.com\/?s={search_term_string}\"},\"query-input\":{\"@type\":\"PropertyValueSpecification\",\"valueRequired\":true,\"valueName\":\"search_term_string\"}}],\"inLanguage\":\"es\"}]}<\/script>\n<!-- \/ Yoast SEO plugin. -->","yoast_head_json":{"title":"Hine: direcci\u00f3n y tel\u00e9fono de Oficinas, Delegaciones y Filiales","description":"\u00bfBuscas la direcci\u00f3n, tel\u00e9fono o email de de Hine en Espa\u00f1a, Estados Unidos, Brasil, India o Hine China? En esta p\u00e1gina tienes todos nuestros datos.","robots":{"index":"index","follow":"follow","max-snippet":"max-snippet:-1","max-image-preview":"max-image-preview:large","max-video-preview":"max-video-preview:-1"},"canonical":"https:\/\/www.hinegroup.com\/es\/contacto\/","og_locale":"es_ES","og_type":"article","og_title":"Hine: direcci\u00f3n y tel\u00e9fono de Oficinas, Delegaciones y Filiales","og_description":"\u00bfBuscas la direcci\u00f3n, tel\u00e9fono o email de de Hine en Espa\u00f1a, Estados Unidos, Brasil, India o Hine China? En esta p\u00e1gina tienes todos nuestros datos.","og_url":"https:\/\/www.hinegroup.com\/es\/contacto\/","og_site_name":"Hine","article_modified_time":"2019-12-10T10:49:11+00:00","twitter_card":"summary_large_image","schema":{"@context":"https:\/\/schema.org","@graph":[{"@type":"WebPage","@id":"https:\/\/www.hinegroup.com\/es\/contacto\/","url":"https:\/\/www.hinegroup.com\/es\/contacto\/","name":"Hine: direcci\u00f3n y tel\u00e9fono de Oficinas, Delegaciones y Filiales","isPartOf":{"@id":"https:\/\/www.hinegroup.com\/#website"},"datePublished":"2019-09-19T14:38:37+00:00","dateModified":"2019-12-10T10:49:11+00:00","description":"\u00bfBuscas la direcci\u00f3n, tel\u00e9fono o email de de Hine en Espa\u00f1a, Estados Unidos, Brasil, India o Hine China? En esta p\u00e1gina tienes todos nuestros datos.","breadcrumb":{"@id":"https:\/\/www.hinegroup.com\/es\/contacto\/#breadcrumb"},"inLanguage":"es","potentialAction":[{"@type":"ReadAction","target":["https:\/\/www.hinegroup.com\/es\/contacto\/"]}]},{"@type":"BreadcrumbList","@id":"https:\/\/www.hinegroup.com\/es\/contacto\/#breadcrumb","itemListElement":[{"@type":"ListItem","position":1,"name":"Portada","item":"https:\/\/www.hinegroup.com\/es\/"},{"@type":"ListItem","position":2,"name":"Contacto"}]},{"@type":"WebSite","@id":"https:\/\/www.hinegroup.com\/#website","url":"https:\/\/www.hinegroup.com\/","name":"Hine","description":"Hine Group \u2013 Hydraulics for Renewables and Industrial Applications","potentialAction":[{"@type":"SearchAction","target":{"@type":"EntryPoint","urlTemplate":"https:\/\/www.hinegroup.com\/?s={search_term_string}"},"query-input":{"@type":"PropertyValueSpecification","valueRequired":true,"valueName":"search_term_string"}}],"inLanguage":"es"}]}},"_links":{"self":[{"href":"https:\/\/www.hinegroup.com\/es\/wp-json\/wp\/v2\/pages\/10989","targetHints":{"allow":["GET"]}}],"collection":[{"href":"https:\/\/www.hinegroup.com\/es\/wp-json\/wp\/v2\/pages"}],"about":[{"href":"https:\/\/www.hinegroup.com\/es\/wp-json\/wp\/v2\/types\/page"}],"author":[{"embeddable":true,"href":"https:\/\/www.hinegroup.com\/es\/wp-json\/wp\/v2\/users\/1"}],"replies":[{"embeddable":true,"href":"https:\/\/www.hinegroup.com\/es\/wp-json\/wp\/v2\/comments?post=10989"}],"version-history":[{"count":2,"href":"https:\/\/www.hinegroup.com\/es\/wp-json\/wp\/v2\/pages\/10989\/revisions"}],"predecessor-version":[{"id":13228,"href":"https:\/\/www.hinegroup.com\/es\/wp-json\/wp\/v2\/pages\/10989\/revisions\/13228"}],"wp:attachment":[{"href":"https:\/\/www.hinegroup.com\/es\/wp-json\/wp\/v2\/media?parent=10989"}],"curies":[{"name":"wp","href":"https:\/\/api.w.org\/{rel}","templated":true}]}}