{"id":10992,"date":"2019-09-19T14:43:03","date_gmt":"2019-09-19T14:43:03","guid":{"rendered":"https:\/\/www.hinegroup.com\/?page_id=10992"},"modified":"2019-11-26T12:16:17","modified_gmt":"2019-11-26T12:16:17","slug":"politica-de-cookies","status":"publish","type":"page","link":"https:\/\/www.hinegroup.com\/es\/politica-de-cookies\/","title":{"rendered":"Pol\u00edtica de cookies"},"content":{"rendered":"<p>Con el fin de facilitar su navegaci\u00f3n por el Sitio Web titularidad de <strong>HINE S.A.<\/strong>, le comunicamos que el mismo utiliza cookies u otros archivos de funcionalidad similar (en adelante, las <strong>\u201cCookies\u201d<\/strong>).<\/p>\n<p>En todo caso, le informamos que <strong>HINE S.A.<\/strong> es el responsable de las Cookies y del tratamiento de los datos obtenidos a trav\u00e9s de las mismas, decidiendo sobre su finalidad, contenido y uso del tratamiento de la informaci\u00f3n recabada.<\/p>\n<h2>\u00bfQU\u00c9 SON LAS COOKIES?<\/h2>\n<p>Las cookies son peque\u00f1os archivos o dispositivos de uso generalizado que se instalan en el navegador del usuario con la finalidad de almacenar, recuperar o actualizar datos. Permiten al responsable de un sitio web conocer las preferencias de los usuarios al navegar por su sitio web y personalizar los servicios ofrecidos en base a esas preferencias.<\/p>\n<p>En <strong>HINE S.A.<\/strong> y las empresas pertenecientes al grupo, utilizamos cookies propias y de terceros que nos permiten realizar an\u00e1lisis de uso y medici\u00f3n para asegurarnos que nuestros sitios web funcionan correctamente y poder mejorar nuestros servicios.<br \/>\nCuando las Cookies son propias, se env\u00edan al equipo del usuario desde un dominio gestionado por <strong>HINE S.A.<\/strong> y desde el que se presta el servicio solicitado. En cambio, cuando son de terceros, se env\u00edan al equipo del usuario desde un dominio que no es gestionado por <strong>HINE S.A.<\/strong><\/p>\n<p>Las cookies de terceros que se emplean para obtener informaci\u00f3n de las visitas, medir y analizar la navegaci\u00f3n por la web y personalizar algunos servicios, son propiedad de Google Analytics, Google, Google Maps y Youtube. <strong>HINE S.A.<\/strong> y las empresas pertenecientes al grupo, como Google Analytics, Google, Google Maps y Youtube, tienen acceso a los datos recopilados por los dispositivos, propiedad de estas \u00faltimas.<\/p>\n<h2>USO DE COOKIES POR PARTE DE <strong>HINE S.A.<\/strong><\/h2>\n<p>Mediante el acceso al Sitio Web acepta de manera expresa la utilizaci\u00f3n de este tipo de Cookies en sus dispositivos. Si desactiva las cookies, puede que su navegaci\u00f3n por el Sitio Web no sea \u00f3ptima y algunas de las utilidades de que dispone el Sitio Web no funciones correctamente.<\/p>\n<p>Entre otras, <strong>HINE S.A.<\/strong> est\u00e1 utilizando las Cookies para las finalidades que a continuaci\u00f3n se exponen:<\/p>\n<p><strong>TIPOS DE COOKIES<\/strong><\/p>\n<ul>\n<li>Cookies t\u00e9cnicas: son necesarias para la navegaci\u00f3n. Sin ellas la p\u00e1gina no funcionar\u00eda adecuadamente (cookies del \u201centrada del usuario\u201d para cestas de compra online, de sesi\u00f3n del reproductor multimedia, etc.).<\/li>\n<li>Cookies de personalizaci\u00f3n o configuraci\u00f3n: permiten que la <u>p\u00e1gina reconozca el idioma del usuario,<\/u> el tama\u00f1o de letra, etc.<\/li>\n<li>Cookies de seguridad: impiden o dificultan ataques contra el sitio web o a sus usuarios.<\/li>\n<li>Cookies de an\u00e1lisis: permiten medir la actividad de los usuarios y elaborar estad\u00edsticas de navegaci\u00f3n.<\/li>\n<li>Cookies publicitarias: gestionan la frecuencia y el contenido de los anuncios.<\/li>\n<li>Cookies de publicidad comportamental: almacenan informaci\u00f3n sobre los usuarios para mostrarles publicidad personalizada.<\/li>\n<\/ul>\n<p>&nbsp;<\/p>\n<h2>CONTROLAR EL USO DE COOKIES \/ ACTUACI\u00d3N DEL USUARIO PARA EVITAR COOKIES<\/h2>\n<p>En cumplimiento de la normativa legal vigente, ponemos a su disposici\u00f3n la informaci\u00f3n que permite configurar su navegador de Internet para mantener su privacidad y seguridad en relaci\u00f3n con las Cookies. Por ello, le facilitamos la informaci\u00f3n y enlaces a los sitios de soporte de los principales navegadores para que pueda decidir si desea o no aceptar el uso de Cookies.<\/p>\n<p>Si desea eliminar las cookies que ya est\u00e9n establecidas en su terminal, puede hacerlo desde su navegador. Encontrar\u00e1 la manera de hacerlo dirigi\u00e9ndose al men\u00fa de ayuda de su navegador d\u00f3nde vienen establecidos los pasos para proceder con su eliminaci\u00f3n.<\/p>\n<p>Para m\u00e1s informaci\u00f3n:<\/p>\n<ul>\n<li>Internet Explorer: <a href=\"https:\/\/support.microsoft.com\/de-de\/help\/17442\/windows-internet-explorer-delete-manage-cookies\">https:\/\/support.microsoft.com\/de-de\/help\/17442\/windows-internet-explorer-delete-manage-cookies<\/a><\/li>\n<li>Mozilla Firefox: <a href=\"https:\/\/support.mozilla.org\/de\/kb\/cookies-loeschen-daten-von-websites-entfernen\">https:\/\/support.mozilla.org\/de\/kb\/cookies-loeschen-daten-von-websites-entfernen<\/a><\/li>\n<li>Google Chrome: <a href=\"https:\/\/support.google.com\/chrome\/answer\/95647?co=GENIE.Platform%3DDesktop&amp;hl=de\">https:\/\/support.google.com\/chrome\/answer\/95647?co=GENIE.Platform%3DDesktop&amp;hl=de<\/a><\/li>\n<li>Safari: <a href=\"https:\/\/support.apple.com\/guide\/safari\/manage-cookies-and-website-data-sfri11471\">https:\/\/support.apple.com\/guide\/safari\/sfri11471\/<\/a><\/li>\n<\/ul>\n<p>&nbsp;<\/p>\n<h2>COOKIES QUE EMPLEAMOS<\/h2>\n<p>Existen diferentes tipos de cookies en nuestra web y son empleadas para distintos fines. A continuaci\u00f3n, le enumeramos las diversas cookies que empleamos.<\/p>\n<h3>COOKIES PROPIAS<\/h3>\n<p>PHPSESSID: esta cookie es un identificador de la SESI\u00d3N de PHP y es utilizada para realizar un seguimiento y control del mantenimiento de la misma y se encarga tambi\u00e9n de que sus variables sean guardadas en el servidor web. Esta cookie es esencial para el funcionamiento de la web y expira al finalizar la sesi\u00f3n.<\/p>\n<p>AUTH_KEY, SECURE_AUTH_KEY Y LOGGED_IN_KEY: estas cookies se utilizan para la sesi\u00f3n del usuario y pueden considerarse cookies t\u00e9cnicas y de personalizaci\u00f3n.<\/p>\n<p>NONCE_KEY: esta cookie es t\u00e9cnica que se utiliza exclusivamente para temas de seguridad, todas son propias de wordpress o sus plugins.<\/p>\n<h3>COOKIES DE TERCEROS<\/h3>\n<p>Este tipo de cookies son las que son creadas y gestionadas por terceros, es decir, son las que establecen otros dominios distintos al del sitio web que se est\u00e1 visitando. (Diversas cookies realizan distintas funciones):<\/p>\n<ul>\n<li>PREF, NID, SID: A su vez, Google utiliza estas cookies para poder personalizar los anuncios que se muestran en los servicios de Google, es decir, por ejemplo, para recordarnos nuestras b\u00fasquedas m\u00e1s recientes, interacciones, nuestras visitas al sitio web de un anunciante, etc. De ese modo, se podr\u00e1n mostrar anuncios personalizados en Google, ya que se han almacenado nuestras preferencias y otro tipo de informaci\u00f3n.<\/li>\n<\/ul>\n<p>&nbsp;<\/p>\n<ul>\n<li>OGPC: esta cookie es utilizada por Google para proveer servicios y extraer informaci\u00f3n an\u00f3nima sobre la navegaci\u00f3n. Tiene una duraci\u00f3n de 1 mes.<\/li>\n<\/ul>\n","protected":false},"excerpt":{"rendered":"<p>Con el fin de facilitar su navegaci\u00f3n por el Sitio Web titularidad de HINE S.A., le comunicamos que el mismo [&hellip;]<\/p>\n","protected":false},"author":1,"featured_media":0,"parent":0,"menu_order":0,"comment_status":"closed","ping_status":"closed","template":"templates\/blank.php","meta":{"footnotes":""},"class_list":["post-10992","page","type-page","status-publish","hentry"],"yoast_head":"<!-- This site is optimized with the Yoast SEO plugin v24.8.1 - https:\/\/yoast.com\/wordpress\/plugins\/seo\/ -->\n<title>Pol\u00edtica de cookies - Hine<\/title>\n<meta name=\"description\" content=\"Pol\u00edtica de cookis del sitio web de Hine\" \/>\n<meta name=\"robots\" content=\"index, follow, max-snippet:-1, max-image-preview:large, max-video-preview:-1\" \/>\n<link rel=\"canonical\" href=\"https:\/\/www.hinegroup.com\/cookies-policy\/\" \/>\n<meta property=\"og:locale\" content=\"es_ES\" \/>\n<meta property=\"og:type\" content=\"article\" \/>\n<meta property=\"og:title\" content=\"Pol\u00edtica de cookies - Hine\" \/>\n<meta property=\"og:description\" content=\"Pol\u00edtica de cookis del sitio web de Hine\" \/>\n<meta property=\"og:url\" content=\"https:\/\/www.hinegroup.com\/cookies-policy\/\" \/>\n<meta property=\"og:site_name\" content=\"Hine\" \/>\n<meta property=\"article:modified_time\" content=\"2019-11-26T12:16:17+00:00\" \/>\n<meta name=\"twitter:card\" content=\"summary_large_image\" \/>\n<meta name=\"twitter:label1\" content=\"Tiempo de lectura\" \/>\n\t<meta name=\"twitter:data1\" content=\"5 minutos\" \/>\n<script type=\"application\/ld+json\" class=\"yoast-schema-graph\">{\"@context\":\"https:\/\/schema.org\",\"@graph\":[{\"@type\":\"WebPage\",\"@id\":\"https:\/\/www.hinegroup.com\/cookies-policy\/\",\"url\":\"https:\/\/www.hinegroup.com\/cookies-policy\/\",\"name\":\"Pol\u00edtica de cookies - Hine\",\"isPartOf\":{\"@id\":\"https:\/\/www.hinegroup.com\/#website\"},\"datePublished\":\"2019-09-19T14:43:03+00:00\",\"dateModified\":\"2019-11-26T12:16:17+00:00\",\"description\":\"Pol\u00edtica de cookis del sitio web de Hine\",\"breadcrumb\":{\"@id\":\"https:\/\/www.hinegroup.com\/cookies-policy\/#breadcrumb\"},\"inLanguage\":\"es\",\"potentialAction\":[{\"@type\":\"ReadAction\",\"target\":[\"https:\/\/www.hinegroup.com\/cookies-policy\/\"]}]},{\"@type\":\"BreadcrumbList\",\"@id\":\"https:\/\/www.hinegroup.com\/cookies-policy\/#breadcrumb\",\"itemListElement\":[{\"@type\":\"ListItem\",\"position\":1,\"name\":\"Portada\",\"item\":\"https:\/\/www.hinegroup.com\/es\/\"},{\"@type\":\"ListItem\",\"position\":2,\"name\":\"Pol\u00edtica de cookies\"}]},{\"@type\":\"WebSite\",\"@id\":\"https:\/\/www.hinegroup.com\/#website\",\"url\":\"https:\/\/www.hinegroup.com\/\",\"name\":\"Hine\",\"description\":\"Hine Group \u2013 Hydraulics for Renewables and Industrial Applications\",\"potentialAction\":[{\"@type\":\"SearchAction\",\"target\":{\"@type\":\"EntryPoint\",\"urlTemplate\":\"https:\/\/www.hinegroup.com\/?s={search_term_string}\"},\"query-input\":{\"@type\":\"PropertyValueSpecification\",\"valueRequired\":true,\"valueName\":\"search_term_string\"}}],\"inLanguage\":\"es\"}]}<\/script>\n<!-- \/ Yoast SEO plugin. -->","yoast_head_json":{"title":"Pol\u00edtica de cookies - Hine","description":"Pol\u00edtica de cookis del sitio web de Hine","robots":{"index":"index","follow":"follow","max-snippet":"max-snippet:-1","max-image-preview":"max-image-preview:large","max-video-preview":"max-video-preview:-1"},"canonical":"https:\/\/www.hinegroup.com\/cookies-policy\/","og_locale":"es_ES","og_type":"article","og_title":"Pol\u00edtica de cookies - Hine","og_description":"Pol\u00edtica de cookis del sitio web de Hine","og_url":"https:\/\/www.hinegroup.com\/cookies-policy\/","og_site_name":"Hine","article_modified_time":"2019-11-26T12:16:17+00:00","twitter_card":"summary_large_image","twitter_misc":{"Tiempo de lectura":"5 minutos"},"schema":{"@context":"https:\/\/schema.org","@graph":[{"@type":"WebPage","@id":"https:\/\/www.hinegroup.com\/cookies-policy\/","url":"https:\/\/www.hinegroup.com\/cookies-policy\/","name":"Pol\u00edtica de cookies - Hine","isPartOf":{"@id":"https:\/\/www.hinegroup.com\/#website"},"datePublished":"2019-09-19T14:43:03+00:00","dateModified":"2019-11-26T12:16:17+00:00","description":"Pol\u00edtica de cookis del sitio web de Hine","breadcrumb":{"@id":"https:\/\/www.hinegroup.com\/cookies-policy\/#breadcrumb"},"inLanguage":"es","potentialAction":[{"@type":"ReadAction","target":["https:\/\/www.hinegroup.com\/cookies-policy\/"]}]},{"@type":"BreadcrumbList","@id":"https:\/\/www.hinegroup.com\/cookies-policy\/#breadcrumb","itemListElement":[{"@type":"ListItem","position":1,"name":"Portada","item":"https:\/\/www.hinegroup.com\/es\/"},{"@type":"ListItem","position":2,"name":"Pol\u00edtica de cookies"}]},{"@type":"WebSite","@id":"https:\/\/www.hinegroup.com\/#website","url":"https:\/\/www.hinegroup.com\/","name":"Hine","description":"Hine Group \u2013 Hydraulics for Renewables and Industrial Applications","potentialAction":[{"@type":"SearchAction","target":{"@type":"EntryPoint","urlTemplate":"https:\/\/www.hinegroup.com\/?s={search_term_string}"},"query-input":{"@type":"PropertyValueSpecification","valueRequired":true,"valueName":"search_term_string"}}],"inLanguage":"es"}]}},"_links":{"self":[{"href":"https:\/\/www.hinegroup.com\/es\/wp-json\/wp\/v2\/pages\/10992","targetHints":{"allow":["GET"]}}],"collection":[{"href":"https:\/\/www.hinegroup.com\/es\/wp-json\/wp\/v2\/pages"}],"about":[{"href":"https:\/\/www.hinegroup.com\/es\/wp-json\/wp\/v2\/types\/page"}],"author":[{"embeddable":true,"href":"https:\/\/www.hinegroup.com\/es\/wp-json\/wp\/v2\/users\/1"}],"replies":[{"embeddable":true,"href":"https:\/\/www.hinegroup.com\/es\/wp-json\/wp\/v2\/comments?post=10992"}],"version-history":[{"count":1,"href":"https:\/\/www.hinegroup.com\/es\/wp-json\/wp\/v2\/pages\/10992\/revisions"}],"predecessor-version":[{"id":10994,"href":"https:\/\/www.hinegroup.com\/es\/wp-json\/wp\/v2\/pages\/10992\/revisions\/10994"}],"wp:attachment":[{"href":"https:\/\/www.hinegroup.com\/es\/wp-json\/wp\/v2\/media?parent=10992"}],"curies":[{"name":"wp","href":"https:\/\/api.w.org\/{rel}","templated":true}]}}