{"id":11021,"date":"2019-09-19T14:52:39","date_gmt":"2019-09-19T14:52:39","guid":{"rendered":"https:\/\/www.hinegroup.com\/?page_id=11021"},"modified":"2019-12-10T10:13:23","modified_gmt":"2019-12-10T10:13:23","slug":"innovacion","status":"publish","type":"page","link":"https:\/\/www.hinegroup.com\/es\/innovacion\/","title":{"rendered":"Innovaci\u00f3n"},"content":{"rendered":"","protected":false},"excerpt":{"rendered":"","protected":false},"author":1,"featured_media":0,"parent":0,"menu_order":0,"comment_status":"closed","ping_status":"closed","template":"templates\/innovation.php","meta":{"footnotes":""},"class_list":["post-11021","page","type-page","status-publish","hentry"],"yoast_head":"<!-- This site is optimized with the Yoast SEO plugin v24.8.1 - https:\/\/yoast.com\/wordpress\/plugins\/seo\/ -->\n<title>Centro de Investigaci\u00f3n Hine: Innovaci\u00f3n en sistemas hidr\u00e1ulicos<\/title>\n<meta name=\"description\" content=\"\u00bfConoces el Centro de Investigaci\u00f3n de Hine? Aqu\u00ed testeamos el desarrollo de sistemas hidr\u00e1ulicos y componentes para nuestros clientes.\" \/>\n<meta name=\"robots\" content=\"index, follow, max-snippet:-1, max-image-preview:large, max-video-preview:-1\" \/>\n<link rel=\"canonical\" href=\"https:\/\/www.hinegroup.com\/es\/innovacion\/\" \/>\n<meta property=\"og:locale\" content=\"es_ES\" \/>\n<meta property=\"og:type\" content=\"article\" \/>\n<meta property=\"og:title\" content=\"Centro de Investigaci\u00f3n Hine: Innovaci\u00f3n en sistemas hidr\u00e1ulicos\" \/>\n<meta property=\"og:description\" content=\"\u00bfConoces el Centro de Investigaci\u00f3n de Hine? Aqu\u00ed testeamos el desarrollo de sistemas hidr\u00e1ulicos y componentes para nuestros clientes.\" \/>\n<meta property=\"og:url\" content=\"https:\/\/www.hinegroup.com\/es\/innovacion\/\" \/>\n<meta property=\"og:site_name\" content=\"Hine\" \/>\n<meta property=\"article:modified_time\" content=\"2019-12-10T10:13:23+00:00\" \/>\n<meta name=\"twitter:card\" content=\"summary_large_image\" \/>\n<script type=\"application\/ld+json\" class=\"yoast-schema-graph\">{\"@context\":\"https:\/\/schema.org\",\"@graph\":[{\"@type\":\"WebPage\",\"@id\":\"https:\/\/www.hinegroup.com\/es\/innovacion\/\",\"url\":\"https:\/\/www.hinegroup.com\/es\/innovacion\/\",\"name\":\"Centro de Investigaci\u00f3n Hine: Innovaci\u00f3n en sistemas hidr\u00e1ulicos\",\"isPartOf\":{\"@id\":\"https:\/\/www.hinegroup.com\/#website\"},\"datePublished\":\"2019-09-19T14:52:39+00:00\",\"dateModified\":\"2019-12-10T10:13:23+00:00\",\"description\":\"\u00bfConoces el Centro de Investigaci\u00f3n de Hine? Aqu\u00ed testeamos el desarrollo de sistemas hidr\u00e1ulicos y componentes para nuestros clientes.\",\"breadcrumb\":{\"@id\":\"https:\/\/www.hinegroup.com\/es\/innovacion\/#breadcrumb\"},\"inLanguage\":\"es\",\"potentialAction\":[{\"@type\":\"ReadAction\",\"target\":[\"https:\/\/www.hinegroup.com\/es\/innovacion\/\"]}]},{\"@type\":\"BreadcrumbList\",\"@id\":\"https:\/\/www.hinegroup.com\/es\/innovacion\/#breadcrumb\",\"itemListElement\":[{\"@type\":\"ListItem\",\"position\":1,\"name\":\"Portada\",\"item\":\"https:\/\/www.hinegroup.com\/es\/\"},{\"@type\":\"ListItem\",\"position\":2,\"name\":\"Innovaci\u00f3n\"}]},{\"@type\":\"WebSite\",\"@id\":\"https:\/\/www.hinegroup.com\/#website\",\"url\":\"https:\/\/www.hinegroup.com\/\",\"name\":\"Hine\",\"description\":\"Hine Group \u2013 Hydraulics for Renewables and Industrial Applications\",\"potentialAction\":[{\"@type\":\"SearchAction\",\"target\":{\"@type\":\"EntryPoint\",\"urlTemplate\":\"https:\/\/www.hinegroup.com\/?s={search_term_string}\"},\"query-input\":{\"@type\":\"PropertyValueSpecification\",\"valueRequired\":true,\"valueName\":\"search_term_string\"}}],\"inLanguage\":\"es\"}]}<\/script>\n<!-- \/ Yoast SEO plugin. -->","yoast_head_json":{"title":"Centro de Investigaci\u00f3n Hine: Innovaci\u00f3n en sistemas hidr\u00e1ulicos","description":"\u00bfConoces el Centro de Investigaci\u00f3n de Hine? Aqu\u00ed testeamos el desarrollo de sistemas hidr\u00e1ulicos y componentes para nuestros clientes.","robots":{"index":"index","follow":"follow","max-snippet":"max-snippet:-1","max-image-preview":"max-image-preview:large","max-video-preview":"max-video-preview:-1"},"canonical":"https:\/\/www.hinegroup.com\/es\/innovacion\/","og_locale":"es_ES","og_type":"article","og_title":"Centro de Investigaci\u00f3n Hine: Innovaci\u00f3n en sistemas hidr\u00e1ulicos","og_description":"\u00bfConoces el Centro de Investigaci\u00f3n de Hine? Aqu\u00ed testeamos el desarrollo de sistemas hidr\u00e1ulicos y componentes para nuestros clientes.","og_url":"https:\/\/www.hinegroup.com\/es\/innovacion\/","og_site_name":"Hine","article_modified_time":"2019-12-10T10:13:23+00:00","twitter_card":"summary_large_image","schema":{"@context":"https:\/\/schema.org","@graph":[{"@type":"WebPage","@id":"https:\/\/www.hinegroup.com\/es\/innovacion\/","url":"https:\/\/www.hinegroup.com\/es\/innovacion\/","name":"Centro de Investigaci\u00f3n Hine: Innovaci\u00f3n en sistemas hidr\u00e1ulicos","isPartOf":{"@id":"https:\/\/www.hinegroup.com\/#website"},"datePublished":"2019-09-19T14:52:39+00:00","dateModified":"2019-12-10T10:13:23+00:00","description":"\u00bfConoces el Centro de Investigaci\u00f3n de Hine? Aqu\u00ed testeamos el desarrollo de sistemas hidr\u00e1ulicos y componentes para nuestros clientes.","breadcrumb":{"@id":"https:\/\/www.hinegroup.com\/es\/innovacion\/#breadcrumb"},"inLanguage":"es","potentialAction":[{"@type":"ReadAction","target":["https:\/\/www.hinegroup.com\/es\/innovacion\/"]}]},{"@type":"BreadcrumbList","@id":"https:\/\/www.hinegroup.com\/es\/innovacion\/#breadcrumb","itemListElement":[{"@type":"ListItem","position":1,"name":"Portada","item":"https:\/\/www.hinegroup.com\/es\/"},{"@type":"ListItem","position":2,"name":"Innovaci\u00f3n"}]},{"@type":"WebSite","@id":"https:\/\/www.hinegroup.com\/#website","url":"https:\/\/www.hinegroup.com\/","name":"Hine","description":"Hine Group \u2013 Hydraulics for Renewables and Industrial Applications","potentialAction":[{"@type":"SearchAction","target":{"@type":"EntryPoint","urlTemplate":"https:\/\/www.hinegroup.com\/?s={search_term_string}"},"query-input":{"@type":"PropertyValueSpecification","valueRequired":true,"valueName":"search_term_string"}}],"inLanguage":"es"}]}},"_links":{"self":[{"href":"https:\/\/www.hinegroup.com\/es\/wp-json\/wp\/v2\/pages\/11021","targetHints":{"allow":["GET"]}}],"collection":[{"href":"https:\/\/www.hinegroup.com\/es\/wp-json\/wp\/v2\/pages"}],"about":[{"href":"https:\/\/www.hinegroup.com\/es\/wp-json\/wp\/v2\/types\/page"}],"author":[{"embeddable":true,"href":"https:\/\/www.hinegroup.com\/es\/wp-json\/wp\/v2\/users\/1"}],"replies":[{"embeddable":true,"href":"https:\/\/www.hinegroup.com\/es\/wp-json\/wp\/v2\/comments?post=11021"}],"version-history":[{"count":1,"href":"https:\/\/www.hinegroup.com\/es\/wp-json\/wp\/v2\/pages\/11021\/revisions"}],"predecessor-version":[{"id":11022,"href":"https:\/\/www.hinegroup.com\/es\/wp-json\/wp\/v2\/pages\/11021\/revisions\/11022"}],"wp:attachment":[{"href":"https:\/\/www.hinegroup.com\/es\/wp-json\/wp\/v2\/media?parent=11021"}],"curies":[{"name":"wp","href":"https:\/\/api.w.org\/{rel}","templated":true}]}}