{"id":11025,"date":"2019-09-19T14:54:15","date_gmt":"2019-09-19T14:54:15","guid":{"rendered":"https:\/\/www.hinegroup.com\/?page_id=11025"},"modified":"2019-11-26T12:15:34","modified_gmt":"2019-11-26T12:15:34","slug":"aviso-legal","status":"publish","type":"page","link":"https:\/\/www.hinegroup.com\/es\/aviso-legal\/","title":{"rendered":"Aviso legal"},"content":{"rendered":"<p><strong>CONDICIONES DE USO &#8211; AVISO LEGAL<\/strong><\/p>\n<p>En esta p\u00e1gina puede leer las condiciones bajo las que <strong>HINE, S.A.<\/strong> le proporciona contenidos y servicios desde este sitio web, y que usted acepta por el hecho de acceder a \u00e9l. Son las Condiciones de Uso del sitio web.<\/p>\n<h3>Identificaci\u00f3n de nuestra empresa:<\/h3>\n<p><strong>HINE, S.A.<\/strong><br \/>\nPol\u00edgono Industrial Karobi 6005<br \/>\nApdo. 60 &#8211; 20212 &#8211; Olaberria<br \/>\nT +34 943 884 600<br \/>\nF +34 943 884 450<\/p>\n<p>Las presentes Condiciones de Uso han sido elaboradas de conformidad con lo establecido en la Ley 34\/2002, de servicios de la sociedad de la informaci\u00f3n y de comercio electr\u00f3nico; la Ley Org\u00e1nica 15\/1999, de Protecci\u00f3n de Datos de Car\u00e1cter Personal; el Real Decreto 1720\/2007, por el que se aprueba el Reglamento de Desarrollo de la Ley Org\u00e1nica de Protecci\u00f3n de Datos; Reglamento 2016\/679 del Parlamento Europeo y del Consejo de 27 de abril de 2016 relativo a la protecci\u00f3n de las personas f\u00edsicas en lo que respecta al tratamiento de datos personales y a la libre circulaci\u00f3n de estos datos; la Ley 7\/1998 sobre Condiciones Generales de Contrataci\u00f3n; la Ley 3\/2014, de 27 de marzo, por la que se modifica el texto refundido de la Ley General para la Defensa de los Consumidores y Usuarios y otras leyes complementarias, aprobado por el Real Decreto Legislativo 1\/2007, de 16 de noviembre; la Ley 47\/2002, de 19 de diciembre, de reforma de la Ley 7\/1996, de 15 de enero, de Ordenaci\u00f3n del Comercio Minorista, para la transposici\u00f3n al ordenamiento jur\u00eddico espa\u00f1ol de la Directiva 97\/7\/CE, en materia de contratos a distancia, y para la adaptaci\u00f3n de la Ley a diversas Directivas comunitarias, y cuantas disposiciones legales resulten de aplicaci\u00f3n; la Ley 34\/2002, de 11 de julio, de servicios de la sociedad de la informaci\u00f3n y de comercio electr\u00f3nico.<\/p>\n<h3><strong>Aceptaci\u00f3n de estas Condiciones<\/strong><\/h3>\n<p>El hecho de que acceda a este sitio web implica que conoce, entiende y acepta las Condiciones de Uso en la versi\u00f3n existente en el momento del acceso. Dado que, en funci\u00f3n de las normativas legales vigentes en cada momento, las Condiciones pueden sufrir modificaciones, le recomendamos que las consulte cada vez que acceda a este sitio web, as\u00ed como nuestra <a href=\"\/es\/politica-de-privacidad\"><strong>Pol\u00edtica de privacidad<\/strong><\/a>.<\/p>\n<h3><strong>Objeto del sitio. Exclusi\u00f3n de responsabilidades.<\/strong><\/h3>\n<p>A trav\u00e9s de este sitio web, proporcionamos informaci\u00f3n sobre los servicios y\/o productos que ofrecemos o comercializamos. Esa informaci\u00f3n se ofrece tal y como puede verla el usuario, no aceptando <strong>HINE, S.A.<\/strong> responsabilidad alguna por posibles perjuicios causados por:<\/p>\n<ul>\n<li>\u2022 La inexistencia de la informaci\u00f3n o los servicios y\/o productos ofrecidos, su inexactitud, su falta de actualizaci\u00f3n o la existencia de fallos en el acceso a parte o a la totalidad de los contenidos de este sitio web o de otros a los que se pueda acceder desde \u00e9ste.<\/li>\n<li>\u2022 La p\u00e9rdida de informaci\u00f3n o da\u00f1os en equipos causados por la utilizaci\u00f3n de este sitio web o de otros a los que se pueda acceder desde \u00e9ste.<\/li>\n<\/ul>\n<h3><strong>Utilizaci\u00f3n del sitio web<\/strong><\/h3>\n<p>Usted es consciente de que el uso de este sitio web tiene lugar bajo su \u00fanica y exclusiva responsabilidad, y as\u00ed lo acepta voluntaria y expresamente al acceder a \u00e9l.<\/p>\n<p>Consiente, asimismo, en no utilizar ninguno de los contenidos incluidos en el sitio web para fines que sean il\u00edcitos o vayan en contra del orden p\u00fablico, la moral y las buenas costumbres com\u00fanmente aceptadas. En particular, y sin que ello suponga una limitaci\u00f3n a lo aqu\u00ed enunciado, usted se compromete tambi\u00e9n a no obtener, reproducir o distribuir los contenidos mostrados en este sitio web si no es para uso personal y en ning\u00fan caso lucrativo.<\/p>\n<h3><strong>Derechos de propiedad intelectual<\/strong><\/h3>\n<p>Todas las marcas, nombres comerciales o signos distintivos de cualquier clase que aparecen en el sitio web son propiedad de <strong>HINE, S.A. <\/strong>o de terceros, sin que pueda entenderse que el acceso al sitio web le otorga a usted derecho alguno sobre las citadas marcas, nombres comerciales y\/o signos distintivos.<\/p>\n<p>Asimismo, los contenidos son propiedad intelectual de nuestra empresa o de terceros, sin que puedan entenderse cedidos a usted ninguno de los derechos de explotaci\u00f3n que existen o puedan existir sobre ellos.<\/p>\n<h3><strong>Legislaci\u00f3n aplicable<\/strong><\/h3>\n<p>Estas Condiciones de Uso se rigen por la legislaci\u00f3n espa\u00f1ola.<\/p>\n<p><strong>HINE, S.A.<\/strong> ay el usuario se someten a los Juzgados y Tribunales de Donostia &#8211; San Sebasti\u00e1n, Gipuzkoa para cualquier controversia que pudiera derivarse de la prestaci\u00f3n de los servicios objeto de estas Condiciones de Uso.<\/p>\n","protected":false},"excerpt":{"rendered":"<p>CONDICIONES DE USO &#8211; AVISO LEGAL En esta p\u00e1gina puede leer las condiciones bajo las que HINE, S.A. le proporciona [&hellip;]<\/p>\n","protected":false},"author":1,"featured_media":0,"parent":0,"menu_order":0,"comment_status":"closed","ping_status":"closed","template":"templates\/blank.php","meta":{"footnotes":""},"class_list":["post-11025","page","type-page","status-publish","hentry"],"yoast_head":"<!-- This site is optimized with the Yoast SEO plugin v24.8.1 - https:\/\/yoast.com\/wordpress\/plugins\/seo\/ -->\n<title>Aviso Legal - Hine<\/title>\n<meta name=\"description\" content=\"Aviso legal del sitio web de Hine\" \/>\n<meta name=\"robots\" content=\"index, follow, max-snippet:-1, max-image-preview:large, max-video-preview:-1\" \/>\n<link rel=\"canonical\" href=\"https:\/\/www.hinegroup.com\/es\/aviso-legal\/\" \/>\n<meta property=\"og:locale\" content=\"es_ES\" \/>\n<meta property=\"og:type\" content=\"article\" \/>\n<meta property=\"og:title\" content=\"Aviso Legal - Hine\" \/>\n<meta property=\"og:description\" content=\"Aviso legal del sitio web de Hine\" \/>\n<meta property=\"og:url\" content=\"https:\/\/www.hinegroup.com\/es\/aviso-legal\/\" \/>\n<meta property=\"og:site_name\" content=\"Hine\" \/>\n<meta property=\"article:modified_time\" content=\"2019-11-26T12:15:34+00:00\" \/>\n<meta name=\"twitter:card\" content=\"summary_large_image\" \/>\n<meta name=\"twitter:label1\" content=\"Tiempo de lectura\" \/>\n\t<meta name=\"twitter:data1\" content=\"4 minutos\" \/>\n<script type=\"application\/ld+json\" class=\"yoast-schema-graph\">{\"@context\":\"https:\/\/schema.org\",\"@graph\":[{\"@type\":\"WebPage\",\"@id\":\"https:\/\/www.hinegroup.com\/es\/aviso-legal\/\",\"url\":\"https:\/\/www.hinegroup.com\/es\/aviso-legal\/\",\"name\":\"Aviso Legal - Hine\",\"isPartOf\":{\"@id\":\"https:\/\/www.hinegroup.com\/#website\"},\"datePublished\":\"2019-09-19T14:54:15+00:00\",\"dateModified\":\"2019-11-26T12:15:34+00:00\",\"description\":\"Aviso legal del sitio web de Hine\",\"breadcrumb\":{\"@id\":\"https:\/\/www.hinegroup.com\/es\/aviso-legal\/#breadcrumb\"},\"inLanguage\":\"es\",\"potentialAction\":[{\"@type\":\"ReadAction\",\"target\":[\"https:\/\/www.hinegroup.com\/es\/aviso-legal\/\"]}]},{\"@type\":\"BreadcrumbList\",\"@id\":\"https:\/\/www.hinegroup.com\/es\/aviso-legal\/#breadcrumb\",\"itemListElement\":[{\"@type\":\"ListItem\",\"position\":1,\"name\":\"Portada\",\"item\":\"https:\/\/www.hinegroup.com\/es\/\"},{\"@type\":\"ListItem\",\"position\":2,\"name\":\"Aviso legal\"}]},{\"@type\":\"WebSite\",\"@id\":\"https:\/\/www.hinegroup.com\/#website\",\"url\":\"https:\/\/www.hinegroup.com\/\",\"name\":\"Hine\",\"description\":\"Hine Group \u2013 Hydraulics for Renewables and Industrial Applications\",\"potentialAction\":[{\"@type\":\"SearchAction\",\"target\":{\"@type\":\"EntryPoint\",\"urlTemplate\":\"https:\/\/www.hinegroup.com\/?s={search_term_string}\"},\"query-input\":{\"@type\":\"PropertyValueSpecification\",\"valueRequired\":true,\"valueName\":\"search_term_string\"}}],\"inLanguage\":\"es\"}]}<\/script>\n<!-- \/ Yoast SEO plugin. -->","yoast_head_json":{"title":"Aviso Legal - Hine","description":"Aviso legal del sitio web de Hine","robots":{"index":"index","follow":"follow","max-snippet":"max-snippet:-1","max-image-preview":"max-image-preview:large","max-video-preview":"max-video-preview:-1"},"canonical":"https:\/\/www.hinegroup.com\/es\/aviso-legal\/","og_locale":"es_ES","og_type":"article","og_title":"Aviso Legal - Hine","og_description":"Aviso legal del sitio web de Hine","og_url":"https:\/\/www.hinegroup.com\/es\/aviso-legal\/","og_site_name":"Hine","article_modified_time":"2019-11-26T12:15:34+00:00","twitter_card":"summary_large_image","twitter_misc":{"Tiempo de lectura":"4 minutos"},"schema":{"@context":"https:\/\/schema.org","@graph":[{"@type":"WebPage","@id":"https:\/\/www.hinegroup.com\/es\/aviso-legal\/","url":"https:\/\/www.hinegroup.com\/es\/aviso-legal\/","name":"Aviso Legal - Hine","isPartOf":{"@id":"https:\/\/www.hinegroup.com\/#website"},"datePublished":"2019-09-19T14:54:15+00:00","dateModified":"2019-11-26T12:15:34+00:00","description":"Aviso legal del sitio web de Hine","breadcrumb":{"@id":"https:\/\/www.hinegroup.com\/es\/aviso-legal\/#breadcrumb"},"inLanguage":"es","potentialAction":[{"@type":"ReadAction","target":["https:\/\/www.hinegroup.com\/es\/aviso-legal\/"]}]},{"@type":"BreadcrumbList","@id":"https:\/\/www.hinegroup.com\/es\/aviso-legal\/#breadcrumb","itemListElement":[{"@type":"ListItem","position":1,"name":"Portada","item":"https:\/\/www.hinegroup.com\/es\/"},{"@type":"ListItem","position":2,"name":"Aviso legal"}]},{"@type":"WebSite","@id":"https:\/\/www.hinegroup.com\/#website","url":"https:\/\/www.hinegroup.com\/","name":"Hine","description":"Hine Group \u2013 Hydraulics for Renewables and Industrial Applications","potentialAction":[{"@type":"SearchAction","target":{"@type":"EntryPoint","urlTemplate":"https:\/\/www.hinegroup.com\/?s={search_term_string}"},"query-input":{"@type":"PropertyValueSpecification","valueRequired":true,"valueName":"search_term_string"}}],"inLanguage":"es"}]}},"_links":{"self":[{"href":"https:\/\/www.hinegroup.com\/es\/wp-json\/wp\/v2\/pages\/11025","targetHints":{"allow":["GET"]}}],"collection":[{"href":"https:\/\/www.hinegroup.com\/es\/wp-json\/wp\/v2\/pages"}],"about":[{"href":"https:\/\/www.hinegroup.com\/es\/wp-json\/wp\/v2\/types\/page"}],"author":[{"embeddable":true,"href":"https:\/\/www.hinegroup.com\/es\/wp-json\/wp\/v2\/users\/1"}],"replies":[{"embeddable":true,"href":"https:\/\/www.hinegroup.com\/es\/wp-json\/wp\/v2\/comments?post=11025"}],"version-history":[{"count":1,"href":"https:\/\/www.hinegroup.com\/es\/wp-json\/wp\/v2\/pages\/11025\/revisions"}],"predecessor-version":[{"id":11026,"href":"https:\/\/www.hinegroup.com\/es\/wp-json\/wp\/v2\/pages\/11025\/revisions\/11026"}],"wp:attachment":[{"href":"https:\/\/www.hinegroup.com\/es\/wp-json\/wp\/v2\/media?parent=11025"}],"curies":[{"name":"wp","href":"https:\/\/api.w.org\/{rel}","templated":true}]}}