{"id":11037,"date":"2019-09-19T14:57:57","date_gmt":"2019-09-19T14:57:57","guid":{"rendered":"https:\/\/www.hinegroup.com\/?page_id=11037"},"modified":"2025-07-01T09:04:13","modified_gmt":"2025-07-01T09:04:13","slug":"politica-de-privacidad","status":"publish","type":"page","link":"https:\/\/www.hinegroup.com\/es\/politica-de-privacidad\/","title":{"rendered":"Pol\u00edtica de privacidad"},"content":{"rendered":"<h2>POL\u00cdTICA DE PRIVACIDAD<\/h2>\n<p>A los efectos establecidos en Reglamento (UE) 2016\/678 del Parlamento Europeo y del Consejo de 27 de abril de 2016 relativo a la protecci\u00f3n de personas f\u00edsicas en lo que respecta al tratamiento de datos personales y a la libre circulaci\u00f3n de estos datos y por el que se deroga la Directiva 95\/46\/CE (Reglamento General de Protecci\u00f3n de Datos), le informamos que los datos personales que pueda facilitar durante el uso de la web de <strong>HINE, S.A.<\/strong> ser\u00e1n tratados en calidad de Responsable del tratamiento por <strong>HINE, S.A.<\/strong>, cuya direcci\u00f3n y datos de contacto constan m\u00e1s adelante.<\/p>\n<p>En <strong>HINE, S.A.<\/strong> somos conscientes del valor que tiene para usted su privacidad. Por ello, s\u00f3lo requerimos alg\u00fan dato personal \u2014como su nombre o su e-mail\u2014 cuando es estrictamente necesario para facilitarle la informaci\u00f3n, productos o servicios que nos solicita o para ponernos en contacto con usted. En tal caso, le comunicaremos que vamos a guardar esos datos y la finalidad de esa recogida antes de que usted nos los env\u00ede. En ese sentido, la visita a la Web no supone que el usuario est\u00e9 obligado a facilitar ninguna informaci\u00f3n sobre s\u00ed mismo. Determinadas funcionalidades de la web dependen de que usted autorice el tratamiento de sus datos personales.<\/p>\n<p>La pesta\u00f1a o apartado de \u201ccontacto\u201d de nuestra p\u00e1gina web le permite tambi\u00e9n aceptar el registro, conservaci\u00f3n y tratamiento de los datos personales facilitados por Vd. por parte de <strong>HINE, S.A.<\/strong> y sociedades pertenecientes a su grupo, basado en su consentimiento expreso y con la finalidad de que podamos ofrecerle nuestros productos y servicios, y dentro de las limitaciones legales.<\/p>\n<p>No tiene obligaci\u00f3n de proporcionarnos todos los datos que le solicitamos; s\u00f3lo los estrictamente imprescindibles para poder proporcionarle lo que desea o ponernos en contacto con usted. Se los indicaremos con un asterisco (*), y en ning\u00fan caso el hecho de que no proporcione los datos no obligatorios supondr\u00e1 que usted va a recibir un servicio de menor calidad.<\/p>\n<p>Los datos del Usuario ser\u00e1n conservados mientras sean necesarios para la prestaci\u00f3n de servicios solicitados y, una vez finalizada dicha prestaci\u00f3n, sus datos ser\u00e1n conservados durante los plazos legalmente exigidos para las posibles responsabilidades derivadas del servicio prestado.<\/p>\n<p>Los datos personales ser\u00e1n conservados durante la vigencia de la relaci\u00f3n contractual con el Usuario y como m\u00e1ximo, durante el plazo de prescripci\u00f3n de las acciones legales correspondientes, salvo que el interesado autorice su tratamiento por un plazo superior. En todo caso, <strong>HINE, S.A.<\/strong> se conserva el derecho a conservar los datos de los Usuarios en los casos en que ello fuera necesario para dar cumplimiento a las obligaciones y responsabilidades impuestas por las leyes o normas de obligado cumplimiento, o cuando fuera requerida para ello por mandato de autoridad competente con arreglo a Derecho.<\/p>\n<p>Los datos personales que nos facilite ser\u00e1n almacenados en uno o varios ficheros que nos permitir\u00e1n un tratamiento automatizado de los mismos y, por tanto, una mayor agilidad a la hora de prestarle nuestros servicios. En funci\u00f3n del tipo de datos que contienen, los ficheros est\u00e1n registrados con su nivel de protecci\u00f3n correspondiente en la Agencia de Protecci\u00f3n de Datos.<\/p>\n<p>El tratamiento de los datos del Usuario por parte de <strong>HINE, S.A.<\/strong> se ampara en la solicitud por parte del Usuario de los servicios puestos a disposici\u00f3n a trav\u00e9s de la Web o, en su caso, en el consentimiento que se solicite para finalidades determinadas, y que podr\u00e1 retirar en cualquier momento. No obstante, en caso de revocar su consentimiento, ello no afectar\u00e1 a la licitud de los tratamientos efectuados con anterioridad. Si usted nos ha proporcionado datos personales en alg\u00fan momento, puede revocar los consentimientos otorgados, acceder a sus datos personales, rectificar los datos inexactos o incompletos, solicitar la cancelaci\u00f3n\/supresi\u00f3n de sus datos cuando, entre otros motivos, los datos ya no sean necesarios para los fines que fueron recogidos, obtener de <strong>HINE, S.A.<\/strong> la limitaci\u00f3n del tratamiento de los datos cuando se cumpla alguna de las condiciones previstas en la normativa de protecci\u00f3n de datos, solicitar la portabilidad de sus datos y reclamar ante la Agencia Espa\u00f1ola de Protecci\u00f3n de Datos cuando el interesado considere que <strong>HINE, S.A.<\/strong> ha vulnerado los derechos que le son reconocidos por la normativa aplicable ejercer cuando desee los derechos de oposici\u00f3n, acceso, rectificaci\u00f3n y cancelaci\u00f3n previstos en la Legislaci\u00f3n de Protecci\u00f3n de Datos, escribi\u00e9ndonos un e-mail a <a href=\"mailto:lopd@hinegroup.com\">lopd@hinegroup.com<\/a> o una carta a:<\/p>\n<p><strong>HINE, S.A.<\/strong><br \/>\nPol\u00edgono Industrial Karobi 6005<br \/>\nApdo. 60 &#8211; 20212 &#8211; Olaberria<br \/>\nT +34 943 884 600<br \/>\nF +34 943 884 450<\/p>\n<h3><strong>Identificaci\u00f3n del ordenador. Cookies.<\/strong><\/h3>\n<p>Para que el sitio web funcione \u00f3ptimamente, a veces es necesario obtener diversa informaci\u00f3n del ordenador que accede a ella o identificarlo. Por ejemplo, para poder contabilizar las visitas que recibe el sitio, para saber qu\u00e9 tipo de navegador utiliza cada usuario o para evitar que el usuario tenga que seleccionar el idioma en el que desea que se le muestre la web cada vez que accede a ella. En ning\u00fan caso esa identificaci\u00f3n nos proporciona informaci\u00f3n personal sobre usted o nos permite conocer el contenido de su ordenador.<\/p>\n<p>Para la identificaci\u00f3n mencionada, habitualmente se utilizan unos ficheros de texto llamados \u201ccookies\u201d que se almacenan temporalmente en su ordenador. Son absolutamente inocuos y tienen un tama\u00f1o muy peque\u00f1o. El sitio web consulta las \u201ccookies\u201d autom\u00e1ticamente cuando usted accede a \u00e9l, y gracias a ello puede mostrarle el contenido en el idioma que seleccion\u00f3 anteriormente, ofrecerle contenidos espec\u00edficos en funci\u00f3n de elecciones anteriores, permitirle el acceso a zonas reservadas o almacenar los productos que usted ha seleccionado en caso de que exista un sistema de compra con \u201ccarrito\u201d o \u201ccesta\u201d, entre otras muchas funciones posibles.<\/p>\n<p>Usted puede configurar su navegador de Internet para que no acepte cookies, pero en ese caso es posible que no pueda utilizar todas las funcionalidades que le ofrece el sitio web.<\/p>\n<h3>Actualizaci\u00f3n de esta declaraci\u00f3n<\/h3>\n<p>Es posible que en alg\u00fan momento tengamos que realizar cambios en nuestra Pol\u00edtica de Privacidad para adaptarla a las novedades legislativas vigentes en cada momento. Por ello, le recomendamos que acceda a esta p\u00e1gina cada vez que vaya a remitirnos datos personales.<\/p>\n","protected":false},"excerpt":{"rendered":"<p>POL\u00cdTICA DE PRIVACIDAD A los efectos establecidos en Reglamento (UE) 2016\/678 del Parlamento Europeo y del Consejo de 27 de [&hellip;]<\/p>\n","protected":false},"author":1,"featured_media":0,"parent":0,"menu_order":0,"comment_status":"closed","ping_status":"closed","template":"templates\/blank.php","meta":{"footnotes":""},"class_list":["post-11037","page","type-page","status-publish","hentry"],"yoast_head":"<!-- This site is optimized with the Yoast SEO plugin v24.8.1 - https:\/\/yoast.com\/wordpress\/plugins\/seo\/ -->\n<title>Pol\u00edtica de privacidad - Hine<\/title>\n<meta name=\"description\" content=\"Pol\u00edtica de privacidad del sitio web de Hine\" \/>\n<meta name=\"robots\" content=\"index, follow, max-snippet:-1, max-image-preview:large, max-video-preview:-1\" \/>\n<link rel=\"canonical\" href=\"https:\/\/www.hinegroup.com\/es\/politica-de-privacidad\/\" \/>\n<meta property=\"og:locale\" content=\"es_ES\" \/>\n<meta property=\"og:type\" content=\"article\" \/>\n<meta property=\"og:title\" content=\"Pol\u00edtica de privacidad - Hine\" \/>\n<meta property=\"og:description\" content=\"Pol\u00edtica de privacidad del sitio web de Hine\" \/>\n<meta property=\"og:url\" content=\"https:\/\/www.hinegroup.com\/es\/politica-de-privacidad\/\" \/>\n<meta property=\"og:site_name\" content=\"Hine\" \/>\n<meta property=\"article:modified_time\" content=\"2025-07-01T09:04:13+00:00\" \/>\n<meta name=\"twitter:card\" content=\"summary_large_image\" \/>\n<meta name=\"twitter:label1\" content=\"Tiempo de lectura\" \/>\n\t<meta name=\"twitter:data1\" content=\"5 minutos\" \/>\n<script type=\"application\/ld+json\" class=\"yoast-schema-graph\">{\"@context\":\"https:\/\/schema.org\",\"@graph\":[{\"@type\":\"WebPage\",\"@id\":\"https:\/\/www.hinegroup.com\/es\/politica-de-privacidad\/\",\"url\":\"https:\/\/www.hinegroup.com\/es\/politica-de-privacidad\/\",\"name\":\"Pol\u00edtica de privacidad - Hine\",\"isPartOf\":{\"@id\":\"https:\/\/www.hinegroup.com\/#website\"},\"datePublished\":\"2019-09-19T14:57:57+00:00\",\"dateModified\":\"2025-07-01T09:04:13+00:00\",\"description\":\"Pol\u00edtica de privacidad del sitio web de Hine\",\"breadcrumb\":{\"@id\":\"https:\/\/www.hinegroup.com\/es\/politica-de-privacidad\/#breadcrumb\"},\"inLanguage\":\"es\",\"potentialAction\":[{\"@type\":\"ReadAction\",\"target\":[\"https:\/\/www.hinegroup.com\/es\/politica-de-privacidad\/\"]}]},{\"@type\":\"BreadcrumbList\",\"@id\":\"https:\/\/www.hinegroup.com\/es\/politica-de-privacidad\/#breadcrumb\",\"itemListElement\":[{\"@type\":\"ListItem\",\"position\":1,\"name\":\"Portada\",\"item\":\"https:\/\/www.hinegroup.com\/es\/\"},{\"@type\":\"ListItem\",\"position\":2,\"name\":\"Pol\u00edtica de privacidad\"}]},{\"@type\":\"WebSite\",\"@id\":\"https:\/\/www.hinegroup.com\/#website\",\"url\":\"https:\/\/www.hinegroup.com\/\",\"name\":\"Hine\",\"description\":\"Hine Group \u2013 Hydraulics for Renewables and Industrial Applications\",\"potentialAction\":[{\"@type\":\"SearchAction\",\"target\":{\"@type\":\"EntryPoint\",\"urlTemplate\":\"https:\/\/www.hinegroup.com\/?s={search_term_string}\"},\"query-input\":{\"@type\":\"PropertyValueSpecification\",\"valueRequired\":true,\"valueName\":\"search_term_string\"}}],\"inLanguage\":\"es\"}]}<\/script>\n<!-- \/ Yoast SEO plugin. -->","yoast_head_json":{"title":"Pol\u00edtica de privacidad - Hine","description":"Pol\u00edtica de privacidad del sitio web de Hine","robots":{"index":"index","follow":"follow","max-snippet":"max-snippet:-1","max-image-preview":"max-image-preview:large","max-video-preview":"max-video-preview:-1"},"canonical":"https:\/\/www.hinegroup.com\/es\/politica-de-privacidad\/","og_locale":"es_ES","og_type":"article","og_title":"Pol\u00edtica de privacidad - Hine","og_description":"Pol\u00edtica de privacidad del sitio web de Hine","og_url":"https:\/\/www.hinegroup.com\/es\/politica-de-privacidad\/","og_site_name":"Hine","article_modified_time":"2025-07-01T09:04:13+00:00","twitter_card":"summary_large_image","twitter_misc":{"Tiempo de lectura":"5 minutos"},"schema":{"@context":"https:\/\/schema.org","@graph":[{"@type":"WebPage","@id":"https:\/\/www.hinegroup.com\/es\/politica-de-privacidad\/","url":"https:\/\/www.hinegroup.com\/es\/politica-de-privacidad\/","name":"Pol\u00edtica de privacidad - Hine","isPartOf":{"@id":"https:\/\/www.hinegroup.com\/#website"},"datePublished":"2019-09-19T14:57:57+00:00","dateModified":"2025-07-01T09:04:13+00:00","description":"Pol\u00edtica de privacidad del sitio web de Hine","breadcrumb":{"@id":"https:\/\/www.hinegroup.com\/es\/politica-de-privacidad\/#breadcrumb"},"inLanguage":"es","potentialAction":[{"@type":"ReadAction","target":["https:\/\/www.hinegroup.com\/es\/politica-de-privacidad\/"]}]},{"@type":"BreadcrumbList","@id":"https:\/\/www.hinegroup.com\/es\/politica-de-privacidad\/#breadcrumb","itemListElement":[{"@type":"ListItem","position":1,"name":"Portada","item":"https:\/\/www.hinegroup.com\/es\/"},{"@type":"ListItem","position":2,"name":"Pol\u00edtica de privacidad"}]},{"@type":"WebSite","@id":"https:\/\/www.hinegroup.com\/#website","url":"https:\/\/www.hinegroup.com\/","name":"Hine","description":"Hine Group \u2013 Hydraulics for Renewables and Industrial Applications","potentialAction":[{"@type":"SearchAction","target":{"@type":"EntryPoint","urlTemplate":"https:\/\/www.hinegroup.com\/?s={search_term_string}"},"query-input":{"@type":"PropertyValueSpecification","valueRequired":true,"valueName":"search_term_string"}}],"inLanguage":"es"}]}},"_links":{"self":[{"href":"https:\/\/www.hinegroup.com\/es\/wp-json\/wp\/v2\/pages\/11037","targetHints":{"allow":["GET"]}}],"collection":[{"href":"https:\/\/www.hinegroup.com\/es\/wp-json\/wp\/v2\/pages"}],"about":[{"href":"https:\/\/www.hinegroup.com\/es\/wp-json\/wp\/v2\/types\/page"}],"author":[{"embeddable":true,"href":"https:\/\/www.hinegroup.com\/es\/wp-json\/wp\/v2\/users\/1"}],"replies":[{"embeddable":true,"href":"https:\/\/www.hinegroup.com\/es\/wp-json\/wp\/v2\/comments?post=11037"}],"version-history":[{"count":3,"href":"https:\/\/www.hinegroup.com\/es\/wp-json\/wp\/v2\/pages\/11037\/revisions"}],"predecessor-version":[{"id":16442,"href":"https:\/\/www.hinegroup.com\/es\/wp-json\/wp\/v2\/pages\/11037\/revisions\/16442"}],"wp:attachment":[{"href":"https:\/\/www.hinegroup.com\/es\/wp-json\/wp\/v2\/media?parent=11037"}],"curies":[{"name":"wp","href":"https:\/\/api.w.org\/{rel}","templated":true}]}}