{"id":12768,"date":"2019-09-06T06:45:53","date_gmt":"2019-09-06T06:45:53","guid":{"rendered":"https:\/\/www.hinegroup.com\/technical-assistance-training\/"},"modified":"2019-12-09T09:45:32","modified_gmt":"2019-12-09T09:45:32","slug":"asistencia-tecnica-y-formacion","status":"publish","type":"page","link":"https:\/\/www.hinegroup.com\/es\/asistencia-tecnica-y-formacion\/","title":{"rendered":"Asistencia T\u00e9cnica y Formaci\u00f3n"},"content":{"rendered":"","protected":false},"excerpt":{"rendered":"","protected":false},"author":1,"featured_media":0,"parent":0,"menu_order":0,"comment_status":"closed","ping_status":"closed","template":"templates\/technical-support.php","meta":{"footnotes":""},"class_list":["post-12768","page","type-page","status-publish","hentry"],"yoast_head":"<!-- This site is optimized with the Yoast SEO plugin v24.8.1 - https:\/\/yoast.com\/wordpress\/plugins\/seo\/ -->\n<title>Asistencia t\u00e9cnica y formaci\u00f3n Sistemas Hidr\u00e1ulicos - Hine<\/title>\n<meta name=\"description\" content=\"Hine provee servicios in situ, as\u00ed como sesiones de capacitaci\u00f3n y formaci\u00f3n dirigidos para ingenieros de campo del sector e\u00f3lico o industrial.\" \/>\n<meta name=\"robots\" content=\"index, follow, max-snippet:-1, max-image-preview:large, max-video-preview:-1\" \/>\n<link rel=\"canonical\" href=\"https:\/\/www.hinegroup.com\/es\/asistencia-tecnica-y-formacion\/\" \/>\n<meta property=\"og:locale\" content=\"es_ES\" \/>\n<meta property=\"og:type\" content=\"article\" \/>\n<meta property=\"og:title\" content=\"Asistencia t\u00e9cnica y formaci\u00f3n Sistemas Hidr\u00e1ulicos - Hine\" \/>\n<meta property=\"og:description\" content=\"Hine provee servicios in situ, as\u00ed como sesiones de capacitaci\u00f3n y formaci\u00f3n dirigidos para ingenieros de campo del sector e\u00f3lico o industrial.\" \/>\n<meta property=\"og:url\" content=\"https:\/\/www.hinegroup.com\/es\/asistencia-tecnica-y-formacion\/\" \/>\n<meta property=\"og:site_name\" content=\"Hine\" \/>\n<meta property=\"article:modified_time\" content=\"2019-12-09T09:45:32+00:00\" \/>\n<meta name=\"twitter:card\" content=\"summary_large_image\" \/>\n<script type=\"application\/ld+json\" class=\"yoast-schema-graph\">{\"@context\":\"https:\/\/schema.org\",\"@graph\":[{\"@type\":\"WebPage\",\"@id\":\"https:\/\/www.hinegroup.com\/es\/asistencia-tecnica-y-formacion\/\",\"url\":\"https:\/\/www.hinegroup.com\/es\/asistencia-tecnica-y-formacion\/\",\"name\":\"Asistencia t\u00e9cnica y formaci\u00f3n Sistemas Hidr\u00e1ulicos - Hine\",\"isPartOf\":{\"@id\":\"https:\/\/www.hinegroup.com\/#website\"},\"datePublished\":\"2019-09-06T06:45:53+00:00\",\"dateModified\":\"2019-12-09T09:45:32+00:00\",\"description\":\"Hine provee servicios in situ, as\u00ed como sesiones de capacitaci\u00f3n y formaci\u00f3n dirigidos para ingenieros de campo del sector e\u00f3lico o industrial.\",\"breadcrumb\":{\"@id\":\"https:\/\/www.hinegroup.com\/es\/asistencia-tecnica-y-formacion\/#breadcrumb\"},\"inLanguage\":\"es\",\"potentialAction\":[{\"@type\":\"ReadAction\",\"target\":[\"https:\/\/www.hinegroup.com\/es\/asistencia-tecnica-y-formacion\/\"]}]},{\"@type\":\"BreadcrumbList\",\"@id\":\"https:\/\/www.hinegroup.com\/es\/asistencia-tecnica-y-formacion\/#breadcrumb\",\"itemListElement\":[{\"@type\":\"ListItem\",\"position\":1,\"name\":\"Portada\",\"item\":\"https:\/\/www.hinegroup.com\/es\/\"},{\"@type\":\"ListItem\",\"position\":2,\"name\":\"Asistencia T\u00e9cnica y Formaci\u00f3n\"}]},{\"@type\":\"WebSite\",\"@id\":\"https:\/\/www.hinegroup.com\/#website\",\"url\":\"https:\/\/www.hinegroup.com\/\",\"name\":\"Hine\",\"description\":\"Hine Group \u2013 Hydraulics for Renewables and Industrial Applications\",\"potentialAction\":[{\"@type\":\"SearchAction\",\"target\":{\"@type\":\"EntryPoint\",\"urlTemplate\":\"https:\/\/www.hinegroup.com\/?s={search_term_string}\"},\"query-input\":{\"@type\":\"PropertyValueSpecification\",\"valueRequired\":true,\"valueName\":\"search_term_string\"}}],\"inLanguage\":\"es\"}]}<\/script>\n<!-- \/ Yoast SEO plugin. -->","yoast_head_json":{"title":"Asistencia t\u00e9cnica y formaci\u00f3n Sistemas Hidr\u00e1ulicos - Hine","description":"Hine provee servicios in situ, as\u00ed como sesiones de capacitaci\u00f3n y formaci\u00f3n dirigidos para ingenieros de campo del sector e\u00f3lico o industrial.","robots":{"index":"index","follow":"follow","max-snippet":"max-snippet:-1","max-image-preview":"max-image-preview:large","max-video-preview":"max-video-preview:-1"},"canonical":"https:\/\/www.hinegroup.com\/es\/asistencia-tecnica-y-formacion\/","og_locale":"es_ES","og_type":"article","og_title":"Asistencia t\u00e9cnica y formaci\u00f3n Sistemas Hidr\u00e1ulicos - Hine","og_description":"Hine provee servicios in situ, as\u00ed como sesiones de capacitaci\u00f3n y formaci\u00f3n dirigidos para ingenieros de campo del sector e\u00f3lico o industrial.","og_url":"https:\/\/www.hinegroup.com\/es\/asistencia-tecnica-y-formacion\/","og_site_name":"Hine","article_modified_time":"2019-12-09T09:45:32+00:00","twitter_card":"summary_large_image","schema":{"@context":"https:\/\/schema.org","@graph":[{"@type":"WebPage","@id":"https:\/\/www.hinegroup.com\/es\/asistencia-tecnica-y-formacion\/","url":"https:\/\/www.hinegroup.com\/es\/asistencia-tecnica-y-formacion\/","name":"Asistencia t\u00e9cnica y formaci\u00f3n Sistemas Hidr\u00e1ulicos - Hine","isPartOf":{"@id":"https:\/\/www.hinegroup.com\/#website"},"datePublished":"2019-09-06T06:45:53+00:00","dateModified":"2019-12-09T09:45:32+00:00","description":"Hine provee servicios in situ, as\u00ed como sesiones de capacitaci\u00f3n y formaci\u00f3n dirigidos para ingenieros de campo del sector e\u00f3lico o industrial.","breadcrumb":{"@id":"https:\/\/www.hinegroup.com\/es\/asistencia-tecnica-y-formacion\/#breadcrumb"},"inLanguage":"es","potentialAction":[{"@type":"ReadAction","target":["https:\/\/www.hinegroup.com\/es\/asistencia-tecnica-y-formacion\/"]}]},{"@type":"BreadcrumbList","@id":"https:\/\/www.hinegroup.com\/es\/asistencia-tecnica-y-formacion\/#breadcrumb","itemListElement":[{"@type":"ListItem","position":1,"name":"Portada","item":"https:\/\/www.hinegroup.com\/es\/"},{"@type":"ListItem","position":2,"name":"Asistencia T\u00e9cnica y Formaci\u00f3n"}]},{"@type":"WebSite","@id":"https:\/\/www.hinegroup.com\/#website","url":"https:\/\/www.hinegroup.com\/","name":"Hine","description":"Hine Group \u2013 Hydraulics for Renewables and Industrial Applications","potentialAction":[{"@type":"SearchAction","target":{"@type":"EntryPoint","urlTemplate":"https:\/\/www.hinegroup.com\/?s={search_term_string}"},"query-input":{"@type":"PropertyValueSpecification","valueRequired":true,"valueName":"search_term_string"}}],"inLanguage":"es"}]}},"_links":{"self":[{"href":"https:\/\/www.hinegroup.com\/es\/wp-json\/wp\/v2\/pages\/12768","targetHints":{"allow":["GET"]}}],"collection":[{"href":"https:\/\/www.hinegroup.com\/es\/wp-json\/wp\/v2\/pages"}],"about":[{"href":"https:\/\/www.hinegroup.com\/es\/wp-json\/wp\/v2\/types\/page"}],"author":[{"embeddable":true,"href":"https:\/\/www.hinegroup.com\/es\/wp-json\/wp\/v2\/users\/1"}],"replies":[{"embeddable":true,"href":"https:\/\/www.hinegroup.com\/es\/wp-json\/wp\/v2\/comments?post=12768"}],"version-history":[{"count":2,"href":"https:\/\/www.hinegroup.com\/es\/wp-json\/wp\/v2\/pages\/12768\/revisions"}],"predecessor-version":[{"id":12770,"href":"https:\/\/www.hinegroup.com\/es\/wp-json\/wp\/v2\/pages\/12768\/revisions\/12770"}],"wp:attachment":[{"href":"https:\/\/www.hinegroup.com\/es\/wp-json\/wp\/v2\/media?parent=12768"}],"curies":[{"name":"wp","href":"https:\/\/api.w.org\/{rel}","templated":true}]}}