{"id":12836,"date":"2019-11-21T10:27:13","date_gmt":"2019-11-21T10:27:13","guid":{"rendered":"https:\/\/www.hinegroup.com\/?page_id=12836"},"modified":"2019-12-10T08:24:01","modified_gmt":"2019-12-10T08:24:01","slug":"enchufes-rapidos","status":"publish","type":"page","link":"https:\/\/www.hinegroup.com\/es\/repuestos-y-consumibles\/enchufes-rapidos\/","title":{"rendered":"Enchufes r\u00e1pidos"},"content":{"rendered":"","protected":false},"excerpt":{"rendered":"","protected":false},"author":1,"featured_media":12159,"parent":12684,"menu_order":0,"comment_status":"closed","ping_status":"closed","template":"templates\/spare-parts-category.php","meta":{"footnotes":""},"class_list":["post-12836","page","type-page","status-publish","has-post-thumbnail","hentry"],"yoast_head":"<!-- This site is optimized with the Yoast SEO plugin v24.8.1 - https:\/\/yoast.com\/wordpress\/plugins\/seo\/ -->\n<title>Repuestos de enchufes r\u00e1pidos hidr\u00e1ulicos y neum\u00e1ticos - Hine<\/title>\n<meta name=\"description\" content=\"\u00bfBusca repuestos enchufes r\u00e1pidos Parker?\u00a1Contacte con Hine! Somos expertos en componentes para sistemas hidr\u00e1ulicos.\" \/>\n<meta name=\"robots\" content=\"index, follow, max-snippet:-1, max-image-preview:large, max-video-preview:-1\" \/>\n<link rel=\"canonical\" href=\"https:\/\/www.hinegroup.com\/es\/repuestos-y-consumibles\/enchufes-rapidos\/\" \/>\n<meta property=\"og:locale\" content=\"es_ES\" \/>\n<meta property=\"og:type\" content=\"article\" \/>\n<meta property=\"og:title\" content=\"Repuestos de enchufes r\u00e1pidos hidr\u00e1ulicos y neum\u00e1ticos - Hine\" \/>\n<meta property=\"og:description\" content=\"\u00bfBusca repuestos enchufes r\u00e1pidos Parker?\u00a1Contacte con Hine! Somos expertos en componentes para sistemas hidr\u00e1ulicos.\" \/>\n<meta property=\"og:url\" content=\"https:\/\/www.hinegroup.com\/es\/repuestos-y-consumibles\/enchufes-rapidos\/\" \/>\n<meta property=\"og:site_name\" content=\"Hine\" \/>\n<meta property=\"article:modified_time\" content=\"2019-12-10T08:24:01+00:00\" \/>\n<meta property=\"og:image\" content=\"https:\/\/www.hinegroup.com\/wp-content\/uploads\/2019\/10\/quick-couplings.jpg\" \/>\n\t<meta property=\"og:image:width\" content=\"966\" \/>\n\t<meta property=\"og:image:height\" content=\"966\" \/>\n\t<meta property=\"og:image:type\" content=\"image\/jpeg\" \/>\n<meta name=\"twitter:card\" content=\"summary_large_image\" \/>\n<script type=\"application\/ld+json\" class=\"yoast-schema-graph\">{\"@context\":\"https:\/\/schema.org\",\"@graph\":[{\"@type\":\"WebPage\",\"@id\":\"https:\/\/www.hinegroup.com\/es\/repuestos-y-consumibles\/enchufes-rapidos\/\",\"url\":\"https:\/\/www.hinegroup.com\/es\/repuestos-y-consumibles\/enchufes-rapidos\/\",\"name\":\"Repuestos de enchufes r\u00e1pidos hidr\u00e1ulicos y neum\u00e1ticos - Hine\",\"isPartOf\":{\"@id\":\"https:\/\/www.hinegroup.com\/#website\"},\"primaryImageOfPage\":{\"@id\":\"https:\/\/www.hinegroup.com\/es\/repuestos-y-consumibles\/enchufes-rapidos\/#primaryimage\"},\"image\":{\"@id\":\"https:\/\/www.hinegroup.com\/es\/repuestos-y-consumibles\/enchufes-rapidos\/#primaryimage\"},\"thumbnailUrl\":\"https:\/\/www.hinegroup.com\/wp-content\/uploads\/2019\/10\/quick-couplings.jpg\",\"datePublished\":\"2019-11-21T10:27:13+00:00\",\"dateModified\":\"2019-12-10T08:24:01+00:00\",\"description\":\"\u00bfBusca repuestos enchufes r\u00e1pidos Parker?\u00a1Contacte con Hine! Somos expertos en componentes para sistemas hidr\u00e1ulicos.\",\"breadcrumb\":{\"@id\":\"https:\/\/www.hinegroup.com\/es\/repuestos-y-consumibles\/enchufes-rapidos\/#breadcrumb\"},\"inLanguage\":\"es\",\"potentialAction\":[{\"@type\":\"ReadAction\",\"target\":[\"https:\/\/www.hinegroup.com\/es\/repuestos-y-consumibles\/enchufes-rapidos\/\"]}]},{\"@type\":\"ImageObject\",\"inLanguage\":\"es\",\"@id\":\"https:\/\/www.hinegroup.com\/es\/repuestos-y-consumibles\/enchufes-rapidos\/#primaryimage\",\"url\":\"https:\/\/www.hinegroup.com\/wp-content\/uploads\/2019\/10\/quick-couplings.jpg\",\"contentUrl\":\"https:\/\/www.hinegroup.com\/wp-content\/uploads\/2019\/10\/quick-couplings.jpg\",\"width\":966,\"height\":966,\"caption\":\"Repuestos de Enchufes R\u00e1pidos de Parker\"},{\"@type\":\"BreadcrumbList\",\"@id\":\"https:\/\/www.hinegroup.com\/es\/repuestos-y-consumibles\/enchufes-rapidos\/#breadcrumb\",\"itemListElement\":[{\"@type\":\"ListItem\",\"position\":1,\"name\":\"Portada\",\"item\":\"https:\/\/www.hinegroup.com\/es\/\"},{\"@type\":\"ListItem\",\"position\":2,\"name\":\"Repuestos y consumibles\",\"item\":\"https:\/\/www.hinegroup.com\/es\/repuestos-y-consumibles\/\"},{\"@type\":\"ListItem\",\"position\":3,\"name\":\"Enchufes r\u00e1pidos\"}]},{\"@type\":\"WebSite\",\"@id\":\"https:\/\/www.hinegroup.com\/#website\",\"url\":\"https:\/\/www.hinegroup.com\/\",\"name\":\"Hine\",\"description\":\"Hine Group \u2013 Hydraulics for Renewables and Industrial Applications\",\"potentialAction\":[{\"@type\":\"SearchAction\",\"target\":{\"@type\":\"EntryPoint\",\"urlTemplate\":\"https:\/\/www.hinegroup.com\/?s={search_term_string}\"},\"query-input\":{\"@type\":\"PropertyValueSpecification\",\"valueRequired\":true,\"valueName\":\"search_term_string\"}}],\"inLanguage\":\"es\"}]}<\/script>\n<!-- \/ Yoast SEO plugin. -->","yoast_head_json":{"title":"Repuestos de enchufes r\u00e1pidos hidr\u00e1ulicos y neum\u00e1ticos - Hine","description":"\u00bfBusca repuestos enchufes r\u00e1pidos Parker?\u00a1Contacte con Hine! Somos expertos en componentes para sistemas hidr\u00e1ulicos.","robots":{"index":"index","follow":"follow","max-snippet":"max-snippet:-1","max-image-preview":"max-image-preview:large","max-video-preview":"max-video-preview:-1"},"canonical":"https:\/\/www.hinegroup.com\/es\/repuestos-y-consumibles\/enchufes-rapidos\/","og_locale":"es_ES","og_type":"article","og_title":"Repuestos de enchufes r\u00e1pidos hidr\u00e1ulicos y neum\u00e1ticos - Hine","og_description":"\u00bfBusca repuestos enchufes r\u00e1pidos Parker?\u00a1Contacte con Hine! Somos expertos en componentes para sistemas hidr\u00e1ulicos.","og_url":"https:\/\/www.hinegroup.com\/es\/repuestos-y-consumibles\/enchufes-rapidos\/","og_site_name":"Hine","article_modified_time":"2019-12-10T08:24:01+00:00","og_image":[{"width":966,"height":966,"url":"https:\/\/www.hinegroup.com\/wp-content\/uploads\/2019\/10\/quick-couplings.jpg","type":"image\/jpeg"}],"twitter_card":"summary_large_image","schema":{"@context":"https:\/\/schema.org","@graph":[{"@type":"WebPage","@id":"https:\/\/www.hinegroup.com\/es\/repuestos-y-consumibles\/enchufes-rapidos\/","url":"https:\/\/www.hinegroup.com\/es\/repuestos-y-consumibles\/enchufes-rapidos\/","name":"Repuestos de enchufes r\u00e1pidos hidr\u00e1ulicos y neum\u00e1ticos - Hine","isPartOf":{"@id":"https:\/\/www.hinegroup.com\/#website"},"primaryImageOfPage":{"@id":"https:\/\/www.hinegroup.com\/es\/repuestos-y-consumibles\/enchufes-rapidos\/#primaryimage"},"image":{"@id":"https:\/\/www.hinegroup.com\/es\/repuestos-y-consumibles\/enchufes-rapidos\/#primaryimage"},"thumbnailUrl":"https:\/\/www.hinegroup.com\/wp-content\/uploads\/2019\/10\/quick-couplings.jpg","datePublished":"2019-11-21T10:27:13+00:00","dateModified":"2019-12-10T08:24:01+00:00","description":"\u00bfBusca repuestos enchufes r\u00e1pidos Parker?\u00a1Contacte con Hine! Somos expertos en componentes para sistemas hidr\u00e1ulicos.","breadcrumb":{"@id":"https:\/\/www.hinegroup.com\/es\/repuestos-y-consumibles\/enchufes-rapidos\/#breadcrumb"},"inLanguage":"es","potentialAction":[{"@type":"ReadAction","target":["https:\/\/www.hinegroup.com\/es\/repuestos-y-consumibles\/enchufes-rapidos\/"]}]},{"@type":"ImageObject","inLanguage":"es","@id":"https:\/\/www.hinegroup.com\/es\/repuestos-y-consumibles\/enchufes-rapidos\/#primaryimage","url":"https:\/\/www.hinegroup.com\/wp-content\/uploads\/2019\/10\/quick-couplings.jpg","contentUrl":"https:\/\/www.hinegroup.com\/wp-content\/uploads\/2019\/10\/quick-couplings.jpg","width":966,"height":966,"caption":"Repuestos de Enchufes R\u00e1pidos de Parker"},{"@type":"BreadcrumbList","@id":"https:\/\/www.hinegroup.com\/es\/repuestos-y-consumibles\/enchufes-rapidos\/#breadcrumb","itemListElement":[{"@type":"ListItem","position":1,"name":"Portada","item":"https:\/\/www.hinegroup.com\/es\/"},{"@type":"ListItem","position":2,"name":"Repuestos y consumibles","item":"https:\/\/www.hinegroup.com\/es\/repuestos-y-consumibles\/"},{"@type":"ListItem","position":3,"name":"Enchufes r\u00e1pidos"}]},{"@type":"WebSite","@id":"https:\/\/www.hinegroup.com\/#website","url":"https:\/\/www.hinegroup.com\/","name":"Hine","description":"Hine Group \u2013 Hydraulics for Renewables and Industrial Applications","potentialAction":[{"@type":"SearchAction","target":{"@type":"EntryPoint","urlTemplate":"https:\/\/www.hinegroup.com\/?s={search_term_string}"},"query-input":{"@type":"PropertyValueSpecification","valueRequired":true,"valueName":"search_term_string"}}],"inLanguage":"es"}]}},"_links":{"self":[{"href":"https:\/\/www.hinegroup.com\/es\/wp-json\/wp\/v2\/pages\/12836","targetHints":{"allow":["GET"]}}],"collection":[{"href":"https:\/\/www.hinegroup.com\/es\/wp-json\/wp\/v2\/pages"}],"about":[{"href":"https:\/\/www.hinegroup.com\/es\/wp-json\/wp\/v2\/types\/page"}],"author":[{"embeddable":true,"href":"https:\/\/www.hinegroup.com\/es\/wp-json\/wp\/v2\/users\/1"}],"replies":[{"embeddable":true,"href":"https:\/\/www.hinegroup.com\/es\/wp-json\/wp\/v2\/comments?post=12836"}],"version-history":[{"count":2,"href":"https:\/\/www.hinegroup.com\/es\/wp-json\/wp\/v2\/pages\/12836\/revisions"}],"predecessor-version":[{"id":12838,"href":"https:\/\/www.hinegroup.com\/es\/wp-json\/wp\/v2\/pages\/12836\/revisions\/12838"}],"up":[{"embeddable":true,"href":"https:\/\/www.hinegroup.com\/es\/wp-json\/wp\/v2\/pages\/12684"}],"wp:featuredmedia":[{"embeddable":true,"href":"https:\/\/www.hinegroup.com\/es\/wp-json\/wp\/v2\/media\/12159"}],"wp:attachment":[{"href":"https:\/\/www.hinegroup.com\/es\/wp-json\/wp\/v2\/media?parent=12836"}],"curies":[{"name":"wp","href":"https:\/\/api.w.org\/{rel}","templated":true}]}}