{"id":10995,"date":"2019-09-19T14:43:51","date_gmt":"2019-09-19T14:43:51","guid":{"rendered":"https:\/\/www.hinegroup.com\/?page_id=10995"},"modified":"2019-12-10T11:07:19","modified_gmt":"2019-12-10T11:07:19","slug":"politica-de-cookies","status":"publish","type":"page","link":"https:\/\/www.hinegroup.com\/pt\/politica-de-cookies\/","title":{"rendered":"Pol\u00edtica de cookies"},"content":{"rendered":"<h2>O QUE S\u00c3O COOKIES?<\/h2>\n<p>Os cookies s\u00e3o pequenos arquivos ou dispositivos amplamente utilizados que est\u00e3o instalados no navegador do usu\u00e1rio com o objetivo de armazenar, recuperar ou atualizar dados. Eles permitem que a pessoa respons\u00e1vel por um site determine as prefer\u00eancias dos usu\u00e1rios ao navegar em seu site e personalizar os servi\u00e7os oferecidos com base nessas prefer\u00eancias.<\/p>\n<p>Na HINE, usamos nossos pr\u00f3prios cookies e terceiros, o que nos permite realizar uma an\u00e1lise de uso e medi\u00e7\u00e3o para nos assegurar que nossos sites funcionem corretamente para que possamos melhorar nossos servi\u00e7os.<\/p>\n<p>Os cookies de terceiros que s\u00e3o utilizados para obter informa\u00e7\u00f5es sobre visitas, medi\u00e7\u00f5es e an\u00e1lises de navega\u00e7\u00e3o no site e personalizar alguns servi\u00e7os s\u00e3o propriedade da Google Analytics, Google, Google Maps e YouTube. A HINE, assim como a Google Analytics, Google, Google Maps e YouTube, t\u00eam acesso aos dados coletados pelos dispositivos, propriedade do \u00faltimo.<\/p>\n<h2>TIPOS DE COOKIES<\/h2>\n<p>Dependendo de sua finalidade, os cookies podem ser::<\/p>\n<ul>\n<li>Cookies t\u00e9cnicos: estes s\u00e3o necess\u00e1rios para a navega\u00e7\u00e3o. Sem eles, a p\u00e1gina n\u00e3o funcionaria corretamente (cookies de login do usu\u00e1rio para cestas de compras online, sess\u00e3o de player multim\u00eddia, etc.).<\/li>\n<li>Cookies de personaliza\u00e7\u00e3o ou configura\u00e7\u00e3o: permitem que a p\u00e1gina reconhe\u00e7a o idioma do usu\u00e1rio, o tamanho da fonte, etc.<\/li>\n<li>Cookies de seguran\u00e7a: evitam ou prejudicam ataques contra o site ou outros usu\u00e1rios.\/li&gt;<\/li>\n<li>Cookies de an\u00e1lise: isso permite medir a atividade do usu\u00e1rio e preparar estat\u00edsticas de navega\u00e7\u00e3o.<\/li>\n<li>Cookies publicit\u00e1rios: estes fazem a gest\u00e3o da frequ\u00eancia e do conte\u00fado dos an\u00fancios.<\/li>\n<li>\u2022 Cookies de publicidade comportamental: estes armazenam informa\u00e7\u00f5es sobre usu\u00e1rios para exibir an\u00fancios personalizados para eles.<\/li>\n<\/ul>\n<p>&nbsp;<\/p>\n<h2>CONTROLE DO USO DE COOKIES<\/h2>\n<p>Se voc\u00ea deseja excluir os cookies que j\u00e1 est\u00e3o armazenados no seu computador, voc\u00ea pode fazer isso no seu navegador. Para fazer isso, v\u00e1 para o menu de ajuda do seu navegador, que ir\u00e1 instru\u00ed-lo(a) sobre como exclu\u00ed-los.<\/p>\n<p>Para mais informa\u00e7\u00f5es:<\/p>\n<ul>\n<li>Internet Explorer:<a href=\"https:\/\/support.microsoft.com\/de-de\/help\/17442\/windows-internet-explorer-delete-manage-cookies\">https:\/\/support.microsoft.com\/de-de\/help\/17442\/windows-internet-explorer-delete-manage-cookies<\/a><\/li>\n<li>Mozilla Firefox:<a href=\"https:\/\/support.mozilla.org\/de\/kb\/cookies-loeschen-daten-von-websites-entfernen\">https:\/\/support.mozilla.org\/de\/kb\/cookies-loeschen-daten-von-websites-entfernen<\/a><\/li>\n<li>Google Chrome:<a href=\"https:\/\/support.google.com\/chrome\/answer\/95647?co=GENIE.Platform%3DDesktop&amp;hl=de\">https:\/\/support.google.com\/chrome\/answer\/95647?co=GENIE.Platform%3DDesktop&amp;hl=de<\/a><\/li>\n<li>Safari:<a href=\"https:\/\/support.apple.com\/guide\/safari\/sfri11471\/\">https:\/\/support.apple.com\/guide\/safari\/sfri11471\/<\/a><\/li>\n<\/ul>\n<p>&nbsp;<\/p>\n<h2>COOKIES QUE UTILIZAMOS<\/h2>\n<p>Existem diferentes tipos de cookies em nosso site e estes s\u00e3o usados para diferentes fins. Abaixo est\u00e1 uma lista dos diferentes cookies que usamos.<\/p>\n<h3>Nossos pr\u00f3prios Cookies\/h3&gt;<\/h3>\n<p>PPHPSESSID: Este cookie \u00e9 um identificador de SESS\u00c3O PHP e usado para rastreamento e controle da manuten\u00e7\u00e3o da sess\u00e3o e tamb\u00e9m \u00e9 respons\u00e1vel por salvar as vari\u00e1veis de sess\u00e3o no servidor web. Este cookie \u00e9 essencial para o funcionamento do site e expira no final da sess\u00e3o.<\/p>\n<p>AUTH_KEY, SECURE_AUTH_KEY E LOGGED_IN_KEY: Esses cookies s\u00e3o usados para a sess\u00e3o do usu\u00e1rio e podem ser considerados cookies t\u00e9cnicos e de personaliza\u00e7\u00e3o.<\/p>\n<p>NONCE_KEY: Este cookie \u00e9 uma t\u00e9cnica que \u00e9 usada exclusivamente para problemas de seguran\u00e7a, todos fazem parte do wordpress ou seus plugins.<\/p>\n<h3>Cookies de terceiros<\/h3>\n<h3><\/h3>\n<p>Esses tipos de cookies s\u00e3o aqueles que s\u00e3o criados e gerenciados por terceiros, ou seja, eles s\u00e3o estabelecidos por outros dom\u00ednios que n\u00e3o o do site que est\u00e1 sendo visitado. (Diferentes cookies t\u00eam fun\u00e7\u00f5es diferentes):<\/p>\n<ul>\n<li>\u2022 PREF, NID, SID: O Google, por sua vez, usa esses cookies para personalizar os an\u00fancios exibidos nos servi\u00e7os do Google, por exemplo, para nos lembrar de nossas pesquisas mais recentes, intera\u00e7\u00f5es, nossas visitas a um anunciante, etc. Isso permitir\u00e1 que an\u00fancios personalizados sejam exibidos no Google, j\u00e1 que nossas prefer\u00eancias e outras informa\u00e7\u00f5es foram armazenadas.<\/li>\n<\/ul>\n<p>&nbsp;<\/p>\n<ul>\n<li>\u2022 OGPC: Este cookie \u00e9 usado pelo Google para fornecer servi\u00e7os e extrair informa\u00e7\u00f5es an\u00f4nimas sobre navega\u00e7\u00e3o. Tem uma dura\u00e7\u00e3o de 1 m\u00eas.<\/li>\n<\/ul>\n","protected":false},"excerpt":{"rendered":"<p>O QUE S\u00c3O COOKIES? Os cookies s\u00e3o pequenos arquivos ou dispositivos amplamente utilizados que est\u00e3o instalados no navegador do usu\u00e1rio [&hellip;]<\/p>\n","protected":false},"author":1,"featured_media":0,"parent":0,"menu_order":0,"comment_status":"closed","ping_status":"closed","template":"templates\/blank.php","meta":{"footnotes":""},"class_list":["post-10995","page","type-page","status-publish","hentry"],"yoast_head":"<!-- This site is optimized with the Yoast SEO plugin v24.8.1 - https:\/\/yoast.com\/wordpress\/plugins\/seo\/ -->\n<title>Pol\u00edtica de Cookies - Hine<\/title>\n<meta name=\"description\" content=\"Hine website cookeis policy\" \/>\n<meta name=\"robots\" content=\"index, follow, max-snippet:-1, max-image-preview:large, max-video-preview:-1\" \/>\n<link rel=\"canonical\" href=\"https:\/\/www.hinegroup.com\/cookies-policy\/\" \/>\n<meta property=\"og:locale\" content=\"pt_PT\" \/>\n<meta property=\"og:type\" content=\"article\" \/>\n<meta property=\"og:title\" content=\"Pol\u00edtica de Cookies - Hine\" \/>\n<meta property=\"og:description\" content=\"Hine website cookeis policy\" \/>\n<meta property=\"og:url\" content=\"https:\/\/www.hinegroup.com\/cookies-policy\/\" \/>\n<meta property=\"og:site_name\" content=\"Hine\" \/>\n<meta property=\"article:modified_time\" content=\"2019-12-10T11:07:19+00:00\" \/>\n<meta name=\"twitter:card\" content=\"summary_large_image\" \/>\n<meta name=\"twitter:label1\" content=\"Tempo estimado de leitura\" \/>\n\t<meta name=\"twitter:data1\" content=\"3 minutos\" \/>\n<script type=\"application\/ld+json\" class=\"yoast-schema-graph\">{\"@context\":\"https:\/\/schema.org\",\"@graph\":[{\"@type\":\"WebPage\",\"@id\":\"https:\/\/www.hinegroup.com\/cookies-policy\/\",\"url\":\"https:\/\/www.hinegroup.com\/cookies-policy\/\",\"name\":\"Pol\u00edtica de Cookies - Hine\",\"isPartOf\":{\"@id\":\"https:\/\/www.hinegroup.com\/#website\"},\"datePublished\":\"2019-09-19T14:43:51+00:00\",\"dateModified\":\"2019-12-10T11:07:19+00:00\",\"description\":\"Hine website cookeis policy\",\"breadcrumb\":{\"@id\":\"https:\/\/www.hinegroup.com\/cookies-policy\/#breadcrumb\"},\"inLanguage\":\"pt-PT\",\"potentialAction\":[{\"@type\":\"ReadAction\",\"target\":[\"https:\/\/www.hinegroup.com\/cookies-policy\/\"]}]},{\"@type\":\"BreadcrumbList\",\"@id\":\"https:\/\/www.hinegroup.com\/cookies-policy\/#breadcrumb\",\"itemListElement\":[{\"@type\":\"ListItem\",\"position\":1,\"name\":\"Portada\",\"item\":\"https:\/\/www.hinegroup.com\/pt\/\"},{\"@type\":\"ListItem\",\"position\":2,\"name\":\"Pol\u00edtica de cookies\"}]},{\"@type\":\"WebSite\",\"@id\":\"https:\/\/www.hinegroup.com\/#website\",\"url\":\"https:\/\/www.hinegroup.com\/\",\"name\":\"Hine\",\"description\":\"Hine Group \u2013 Hydraulics for Renewables and Industrial Applications\",\"potentialAction\":[{\"@type\":\"SearchAction\",\"target\":{\"@type\":\"EntryPoint\",\"urlTemplate\":\"https:\/\/www.hinegroup.com\/?s={search_term_string}\"},\"query-input\":{\"@type\":\"PropertyValueSpecification\",\"valueRequired\":true,\"valueName\":\"search_term_string\"}}],\"inLanguage\":\"pt-PT\"}]}<\/script>\n<!-- \/ Yoast SEO plugin. -->","yoast_head_json":{"title":"Pol\u00edtica de Cookies - Hine","description":"Hine website cookeis policy","robots":{"index":"index","follow":"follow","max-snippet":"max-snippet:-1","max-image-preview":"max-image-preview:large","max-video-preview":"max-video-preview:-1"},"canonical":"https:\/\/www.hinegroup.com\/cookies-policy\/","og_locale":"pt_PT","og_type":"article","og_title":"Pol\u00edtica de Cookies - Hine","og_description":"Hine website cookeis policy","og_url":"https:\/\/www.hinegroup.com\/cookies-policy\/","og_site_name":"Hine","article_modified_time":"2019-12-10T11:07:19+00:00","twitter_card":"summary_large_image","twitter_misc":{"Tempo estimado de leitura":"3 minutos"},"schema":{"@context":"https:\/\/schema.org","@graph":[{"@type":"WebPage","@id":"https:\/\/www.hinegroup.com\/cookies-policy\/","url":"https:\/\/www.hinegroup.com\/cookies-policy\/","name":"Pol\u00edtica de Cookies - Hine","isPartOf":{"@id":"https:\/\/www.hinegroup.com\/#website"},"datePublished":"2019-09-19T14:43:51+00:00","dateModified":"2019-12-10T11:07:19+00:00","description":"Hine website cookeis policy","breadcrumb":{"@id":"https:\/\/www.hinegroup.com\/cookies-policy\/#breadcrumb"},"inLanguage":"pt-PT","potentialAction":[{"@type":"ReadAction","target":["https:\/\/www.hinegroup.com\/cookies-policy\/"]}]},{"@type":"BreadcrumbList","@id":"https:\/\/www.hinegroup.com\/cookies-policy\/#breadcrumb","itemListElement":[{"@type":"ListItem","position":1,"name":"Portada","item":"https:\/\/www.hinegroup.com\/pt\/"},{"@type":"ListItem","position":2,"name":"Pol\u00edtica de cookies"}]},{"@type":"WebSite","@id":"https:\/\/www.hinegroup.com\/#website","url":"https:\/\/www.hinegroup.com\/","name":"Hine","description":"Hine Group \u2013 Hydraulics for Renewables and Industrial Applications","potentialAction":[{"@type":"SearchAction","target":{"@type":"EntryPoint","urlTemplate":"https:\/\/www.hinegroup.com\/?s={search_term_string}"},"query-input":{"@type":"PropertyValueSpecification","valueRequired":true,"valueName":"search_term_string"}}],"inLanguage":"pt-PT"}]}},"_links":{"self":[{"href":"https:\/\/www.hinegroup.com\/pt\/wp-json\/wp\/v2\/pages\/10995","targetHints":{"allow":["GET"]}}],"collection":[{"href":"https:\/\/www.hinegroup.com\/pt\/wp-json\/wp\/v2\/pages"}],"about":[{"href":"https:\/\/www.hinegroup.com\/pt\/wp-json\/wp\/v2\/types\/page"}],"author":[{"embeddable":true,"href":"https:\/\/www.hinegroup.com\/pt\/wp-json\/wp\/v2\/users\/1"}],"replies":[{"embeddable":true,"href":"https:\/\/www.hinegroup.com\/pt\/wp-json\/wp\/v2\/comments?post=10995"}],"version-history":[{"count":1,"href":"https:\/\/www.hinegroup.com\/pt\/wp-json\/wp\/v2\/pages\/10995\/revisions"}],"predecessor-version":[{"id":10996,"href":"https:\/\/www.hinegroup.com\/pt\/wp-json\/wp\/v2\/pages\/10995\/revisions\/10996"}],"wp:attachment":[{"href":"https:\/\/www.hinegroup.com\/pt\/wp-json\/wp\/v2\/media?parent=10995"}],"curies":[{"name":"wp","href":"https:\/\/api.w.org\/{rel}","templated":true}]}}