{"id":11023,"date":"2019-09-19T14:53:44","date_gmt":"2019-09-19T14:53:44","guid":{"rendered":"https:\/\/www.hinegroup.com\/?page_id=11023"},"modified":"2019-12-10T11:02:46","modified_gmt":"2019-12-10T11:02:46","slug":"terminos-legais","status":"publish","type":"page","link":"https:\/\/www.hinegroup.com\/pt\/terminos-legais\/","title":{"rendered":"Terminos legais"},"content":{"rendered":"<p><strong>TERMOS DE USO<\/strong><\/p>\n<p>Nesta p\u00e1gina, voc\u00ea pode ler os termos em que a Hine, SA fornece conte\u00fados e servi\u00e7os deste site que voc\u00ea aceita automaticamente ao visit\u00e1-lo. Estes s\u00e3o os Termos de Uso do site.<\/p>\n<p>&nbsp;<\/p>\n<h3>Identifica\u00e7\u00e3o de nossa empresa<\/h3>\n<p><strong>Hine, S.A.<\/strong><\/p>\n<p>Pol\u00edgono Industrial Karobi 6005<\/p>\n<p>Apdo. 60 &#8211; 20212 &#8211; Olaberria<\/p>\n<p>T +34 943 884 600<\/p>\n<p>F +34 943 884 450<\/p>\n<p>&nbsp;<\/p>\n<h3><strong>Aceita\u00e7\u00e3o destes Termos<\/strong><\/h3>\n<p>O simples fato de voc\u00ea visitar este site implica que voc\u00ea conhece, compreende e aceita os Termos de Uso na vers\u00e3o existente no momento do acesso. Dado que, de acordo com os regulamentos vigentes em qualquer momento, os Termos podem estar sujeitos a modifica\u00e7\u00e3o, recomendamos que, sempre que voc\u00ea visitar este site, voc\u00ea consulte esses regulamentos, bem como a nossa<a href=\"https:\/\/www.hinegroup.com\/privacy-policy\/\"><strong>Privacy Policy<\/strong><\/a>.<\/p>\n<p>&nbsp;<\/p>\n<h3><strong>O objeto do site. Imunidade de responsabilidades.<\/strong><\/h3>\n<p>Atrav\u00e9s deste site, fornecemos informa\u00e7\u00f5es sobre servi\u00e7os e\/ou produtos que oferecemos ou comercializamos. Esta informa\u00e7\u00e3o \u00e9 oferecida exatamente como o usu\u00e1rio v\u00ea e a <strong>Hine, S.A.<\/strong>\u00a0n\u00e3o se responsabiliza por poss\u00edveis danos causados por:<\/p>\n<ul>\n<li>\u2022 A inexist\u00eancia de informa\u00e7\u00f5es ou servi\u00e7os e\/ou produtos oferecidos, imprecis\u00e3o, falta de atualiza\u00e7\u00e3o ou erros no acesso em parte ou \u00e0 totalidade do conte\u00fado deste site ou a outros para os quais o acesso pode ser obtido atrav\u00e9s deste site.<\/li>\n<li>\u2022 A perda de informa\u00e7\u00f5es ou danos causados ao equipamento como resultado do uso deste site ou de outros para os quais o acesso pode ser obtido atrav\u00e9s deste site.<\/li>\n<\/ul>\n<h3><strong>Uso do Website<\/strong><\/h3>\n<p>Voc\u00ea est\u00e1 ciente de que voc\u00ea usa este site por sua conta e risco e voc\u00ea aceita esse fato de forma volunt\u00e1ria e impl\u00edcita ao visitar este Website.<\/p>\n<p>Al\u00e9m disso, voc\u00ea concorda em n\u00e3o usar nenhum dos conte\u00fados do site para fins il\u00edcitos ou de tal forma que tal uso amea\u00e7aria a ordem p\u00fablica, a moral e os costumes comumente aceitos. Em particular, mas de modo algum pode implicar qualquer limita\u00e7\u00e3o do que foi estabelecido anteriormente, voc\u00ea tamb\u00e9m se compromete a n\u00e3o obter, reproduzir ou distribuir os conte\u00fados exibidos neste site, a menos que sejam para uso pessoal e n\u00e3o lucrativo.<\/p>\n<h3><strong>Copyright\u00a0<\/strong><\/h3>\n<p>Todas as marcas registradas, nomes comerciais ou logotipos de qualquer tipo que aparecem no Website s\u00e3o propriedade da<strong>Hine, S.A.\u00a0<\/strong>ou de terceiros e n\u00e3o pode ser interpretado que o acesso ao site oferece direitos sobre marcas comerciais, nomes comerciais e\/ou logotipos.<\/p>\n<p>Al\u00e9m disso, os conte\u00fados, que pertencem \u00e0 nossa empresa ou a terceiros, s\u00e3o protegidos por direitos autorais e nenhum direito de opera\u00e7\u00e3o que existe ou possa existir sobre eles pode ser interpretado como sendo concedido a voc\u00ea.<\/p>\n<h3><strong>Legisla\u00e7\u00e3o aplic\u00e1vel<\/strong><\/h3>\n<p>Estas Condi\u00e7\u00f5es de Uso s\u00e3o regidas pela legisla\u00e7\u00e3o espanhola.<\/p>\n<p><strong>Hine, S.A.<\/strong>\u00a0e o usu\u00e1rio comprometem-se a comparecer perante os tribunais ou tribunais de Donostia-San Sebasti\u00e1n (Guip\u00fascoa) por qualquer controv\u00e9rsia que possa resultar de qualquer servi\u00e7o prestado e que sejam objeto dessas Condi\u00e7\u00f5es de Uso.<\/p>\n","protected":false},"excerpt":{"rendered":"<p>TERMOS DE USO Nesta p\u00e1gina, voc\u00ea pode ler os termos em que a Hine, SA fornece conte\u00fados e servi\u00e7os deste [&hellip;]<\/p>\n","protected":false},"author":1,"featured_media":0,"parent":0,"menu_order":0,"comment_status":"closed","ping_status":"closed","template":"templates\/blank.php","meta":{"footnotes":""},"class_list":["post-11023","page","type-page","status-publish","hentry"],"yoast_head":"<!-- This site is optimized with the Yoast SEO plugin v24.8.1 - https:\/\/yoast.com\/wordpress\/plugins\/seo\/ -->\n<title>Aviso Legal - Hine<\/title>\n<meta name=\"description\" content=\"Aviso legal do site da Hine\" \/>\n<meta name=\"robots\" content=\"index, follow, max-snippet:-1, max-image-preview:large, max-video-preview:-1\" \/>\n<link rel=\"canonical\" href=\"https:\/\/www.hinegroup.com\/pt\/terminos-legais\/\" \/>\n<meta property=\"og:locale\" content=\"pt_PT\" \/>\n<meta property=\"og:type\" content=\"article\" \/>\n<meta property=\"og:title\" content=\"Aviso Legal - Hine\" \/>\n<meta property=\"og:description\" content=\"Aviso legal do site da Hine\" \/>\n<meta property=\"og:url\" content=\"https:\/\/www.hinegroup.com\/pt\/terminos-legais\/\" \/>\n<meta property=\"og:site_name\" content=\"Hine\" \/>\n<meta property=\"article:modified_time\" content=\"2019-12-10T11:02:46+00:00\" \/>\n<meta name=\"twitter:card\" content=\"summary_large_image\" \/>\n<meta name=\"twitter:label1\" content=\"Tempo estimado de leitura\" \/>\n\t<meta name=\"twitter:data1\" content=\"3 minutos\" \/>\n<script type=\"application\/ld+json\" class=\"yoast-schema-graph\">{\"@context\":\"https:\/\/schema.org\",\"@graph\":[{\"@type\":\"WebPage\",\"@id\":\"https:\/\/www.hinegroup.com\/pt\/terminos-legais\/\",\"url\":\"https:\/\/www.hinegroup.com\/pt\/terminos-legais\/\",\"name\":\"Aviso Legal - Hine\",\"isPartOf\":{\"@id\":\"https:\/\/www.hinegroup.com\/#website\"},\"datePublished\":\"2019-09-19T14:53:44+00:00\",\"dateModified\":\"2019-12-10T11:02:46+00:00\",\"description\":\"Aviso legal do site da Hine\",\"breadcrumb\":{\"@id\":\"https:\/\/www.hinegroup.com\/pt\/terminos-legais\/#breadcrumb\"},\"inLanguage\":\"pt-PT\",\"potentialAction\":[{\"@type\":\"ReadAction\",\"target\":[\"https:\/\/www.hinegroup.com\/pt\/terminos-legais\/\"]}]},{\"@type\":\"BreadcrumbList\",\"@id\":\"https:\/\/www.hinegroup.com\/pt\/terminos-legais\/#breadcrumb\",\"itemListElement\":[{\"@type\":\"ListItem\",\"position\":1,\"name\":\"Portada\",\"item\":\"https:\/\/www.hinegroup.com\/pt\/\"},{\"@type\":\"ListItem\",\"position\":2,\"name\":\"Terminos legais\"}]},{\"@type\":\"WebSite\",\"@id\":\"https:\/\/www.hinegroup.com\/#website\",\"url\":\"https:\/\/www.hinegroup.com\/\",\"name\":\"Hine\",\"description\":\"Hine Group \u2013 Hydraulics for Renewables and Industrial Applications\",\"potentialAction\":[{\"@type\":\"SearchAction\",\"target\":{\"@type\":\"EntryPoint\",\"urlTemplate\":\"https:\/\/www.hinegroup.com\/?s={search_term_string}\"},\"query-input\":{\"@type\":\"PropertyValueSpecification\",\"valueRequired\":true,\"valueName\":\"search_term_string\"}}],\"inLanguage\":\"pt-PT\"}]}<\/script>\n<!-- \/ Yoast SEO plugin. -->","yoast_head_json":{"title":"Aviso Legal - Hine","description":"Aviso legal do site da Hine","robots":{"index":"index","follow":"follow","max-snippet":"max-snippet:-1","max-image-preview":"max-image-preview:large","max-video-preview":"max-video-preview:-1"},"canonical":"https:\/\/www.hinegroup.com\/pt\/terminos-legais\/","og_locale":"pt_PT","og_type":"article","og_title":"Aviso Legal - Hine","og_description":"Aviso legal do site da Hine","og_url":"https:\/\/www.hinegroup.com\/pt\/terminos-legais\/","og_site_name":"Hine","article_modified_time":"2019-12-10T11:02:46+00:00","twitter_card":"summary_large_image","twitter_misc":{"Tempo estimado de leitura":"3 minutos"},"schema":{"@context":"https:\/\/schema.org","@graph":[{"@type":"WebPage","@id":"https:\/\/www.hinegroup.com\/pt\/terminos-legais\/","url":"https:\/\/www.hinegroup.com\/pt\/terminos-legais\/","name":"Aviso Legal - Hine","isPartOf":{"@id":"https:\/\/www.hinegroup.com\/#website"},"datePublished":"2019-09-19T14:53:44+00:00","dateModified":"2019-12-10T11:02:46+00:00","description":"Aviso legal do site da Hine","breadcrumb":{"@id":"https:\/\/www.hinegroup.com\/pt\/terminos-legais\/#breadcrumb"},"inLanguage":"pt-PT","potentialAction":[{"@type":"ReadAction","target":["https:\/\/www.hinegroup.com\/pt\/terminos-legais\/"]}]},{"@type":"BreadcrumbList","@id":"https:\/\/www.hinegroup.com\/pt\/terminos-legais\/#breadcrumb","itemListElement":[{"@type":"ListItem","position":1,"name":"Portada","item":"https:\/\/www.hinegroup.com\/pt\/"},{"@type":"ListItem","position":2,"name":"Terminos legais"}]},{"@type":"WebSite","@id":"https:\/\/www.hinegroup.com\/#website","url":"https:\/\/www.hinegroup.com\/","name":"Hine","description":"Hine Group \u2013 Hydraulics for Renewables and Industrial Applications","potentialAction":[{"@type":"SearchAction","target":{"@type":"EntryPoint","urlTemplate":"https:\/\/www.hinegroup.com\/?s={search_term_string}"},"query-input":{"@type":"PropertyValueSpecification","valueRequired":true,"valueName":"search_term_string"}}],"inLanguage":"pt-PT"}]}},"_links":{"self":[{"href":"https:\/\/www.hinegroup.com\/pt\/wp-json\/wp\/v2\/pages\/11023","targetHints":{"allow":["GET"]}}],"collection":[{"href":"https:\/\/www.hinegroup.com\/pt\/wp-json\/wp\/v2\/pages"}],"about":[{"href":"https:\/\/www.hinegroup.com\/pt\/wp-json\/wp\/v2\/types\/page"}],"author":[{"embeddable":true,"href":"https:\/\/www.hinegroup.com\/pt\/wp-json\/wp\/v2\/users\/1"}],"replies":[{"embeddable":true,"href":"https:\/\/www.hinegroup.com\/pt\/wp-json\/wp\/v2\/comments?post=11023"}],"version-history":[{"count":1,"href":"https:\/\/www.hinegroup.com\/pt\/wp-json\/wp\/v2\/pages\/11023\/revisions"}],"predecessor-version":[{"id":11024,"href":"https:\/\/www.hinegroup.com\/pt\/wp-json\/wp\/v2\/pages\/11023\/revisions\/11024"}],"wp:attachment":[{"href":"https:\/\/www.hinegroup.com\/pt\/wp-json\/wp\/v2\/media?parent=11023"}],"curies":[{"name":"wp","href":"https:\/\/api.w.org\/{rel}","templated":true}]}}