{"id":11035,"date":"2019-09-19T14:57:34","date_gmt":"2019-09-19T14:57:34","guid":{"rendered":"https:\/\/www.hinegroup.com\/?page_id=11035"},"modified":"2025-07-01T09:06:29","modified_gmt":"2025-07-01T09:06:29","slug":"politica-de-privacidade","status":"publish","type":"page","link":"https:\/\/www.hinegroup.com\/pt\/politica-de-privacidade\/","title":{"rendered":"Pol\u00edtica de privacidade"},"content":{"rendered":"<h2>POLITICA DE PRIVACIDADE<\/h2>\n<p>Na\u00a0<strong>Hine, S.A.<\/strong>\u00a0somos plenamente conscientes de qu\u00e3o valiosa \u00e9 a sua privacidade. \u00c9 por isso que s\u00f3 solicitamos as suas informa\u00e7\u00f5es, como o seu nome ou o seu e-mail, quando \u00e9 absolutamente necess\u00e1rio, para lhe fornecer qualquer informa\u00e7\u00e3o, produtos ou servi\u00e7os que voc\u00ea nos solicite ou entre em contato. Nesses casos, informamos que vamos armazenar as informa\u00e7\u00f5es mencionadas e por que o faremos antes de que voc\u00ea os decida compartilhar.<\/p>\n<p>Voc\u00ea n\u00e3o est\u00e1 obrigado a nos fornecer todos os dados pessoais que solicitamos, mas apenas os dados essenciais para fornecer o que voc\u00ea precisa ou para entrar em contato com voc\u00ea. Indicaremos esses dados com um asterisco (*) e, em nenhuma circunst\u00e2ncia, o fato de voc\u00ea n\u00e3o disponibilizar as informa\u00e7\u00f5es n\u00e3o obrigat\u00f3rias para n\u00f3s implica em que voc\u00ea receber\u00e1 um servi\u00e7o de qualidade inferior.<\/p>\n<p>Os dados que voc\u00ea disponibiliza ser\u00e3o armazenados em um ou v\u00e1rios arquivos que nos permitir\u00e3o obter acesso autom\u00e1tico aos mesmos, criando assim uma maior agilidade sempre que voc\u00ea exigir nossos servi\u00e7os. Dependendo do tipo de dados que eles contenham, os arquivos ser\u00e3o registrados com o n\u00edvel de prote\u00e7\u00e3o correspondente na Ag\u00eancia de Prote\u00e7\u00e3o de Dados.<\/p>\n<p>Se voc\u00ea nos forneceu, em qualquer momento, dados pessoais, voc\u00ea pode, se e quando desejar, exercer o seu direito de oposi\u00e7\u00e3o, acesso, rectifica\u00e7\u00e3o e cancelamento de acordo com a Lei de Prote\u00e7\u00e3o de Dados enviando-nos um e-mail para <a href=\"mailto:lopd@hinegroup.com\">lopd@hinegroup.com<\/a> ou uma carta para:<\/p>\n<p>Hine, S.A.<\/p>\n<p>Pol\u00edgono Industrial Karobi 6005<\/p>\n<p>Apdo. 60 \u2013 20212 \u2013 Olaberria<\/p>\n<p>T +34 943 884 600<\/p>\n<p>F +34 943 884 450<\/p>\n<p>Identifica\u00e7\u00e3o do computador. Cookies.<\/p>\n<p>Para que o Website funcione de forma ideal, \u00e0s vezes \u00e9 necess\u00e1rio obter informa\u00e7\u00f5es do computador ou identific\u00e1-lo. Por exemplo, para verificar quantas vezes o site foi visitado, o tipo de navegador que cada usu\u00e1rio usa ou para evitar que o usu\u00e1rio tenha que escolher o idioma em que o site aparece sempre que ele o visita. Sob nenhuma circunst\u00e2ncia, este processo de identifica\u00e7\u00e3o nos fornece informa\u00e7\u00f5es pessoais sobre voc\u00ea, nem nos d\u00e1 acesso aos conte\u00fados do seu computador.<\/p>\n<p>Em rela\u00e7\u00e3o \u00e0 identifica\u00e7\u00e3o mencionada, os arquivos de texto, conhecidos como &#8220;cookies&#8221;, que s\u00e3o temporariamente armazenados em seu computador, s\u00e3o normalmente utilizados. Eles s\u00e3o totalmente in\u00f3cuos e s\u00e3o de tamanho muito pequeno. O site consulta automaticamente os &#8220;cookies&#8221; quando voc\u00ea o visita e \u00e9 gra\u00e7as a isso que, entre muitas outras fun\u00e7\u00f5es poss\u00edveis, o conte\u00fado pode ser exibido no idioma que voc\u00ea selecionou anteriormente, o conte\u00fado espec\u00edfico pode ser mostrado de acordo com as op\u00e7\u00f5es feitas anteriormente e, al\u00e9m disso, voc\u00ea pode visitar \u00e1reas reservadas ou armazenar produtos de sua escolha nos casos em que existe um sistema de compra que inclui um &#8220;carrinho&#8221; ou &#8220;cesta&#8221;.<\/p>\n<p>Voc\u00ea pode programar seu navegador de Internet de tal forma que n\u00e3o aceitar\u00e1 &#8220;cookies&#8221;, mas, se for esse o caso, talvez voc\u00ea n\u00e3o consiga usar todas as fun\u00e7\u00f5es que o site oferece.<\/p>\n<p>Atualiza\u00e7\u00e3o desta declara\u00e7\u00e3o<\/p>\n<p>Em algum momento, podemos ser obrigados a fazer algumas mudan\u00e7as em nossa Pol\u00edtica de Privacidade, no sentido de que pode ser necess\u00e1rio a qualquer momento adapt\u00e1-la \u00e0s leis atualmente em vigor. Por esse motivo, recomendamos que voc\u00ea visite este site sempre que v\u00e1 enviar dados pessoais.<\/p>\n","protected":false},"excerpt":{"rendered":"<p>POLITICA DE PRIVACIDADE Na\u00a0Hine, S.A.\u00a0somos plenamente conscientes de qu\u00e3o valiosa \u00e9 a sua privacidade. \u00c9 por isso que s\u00f3 solicitamos [&hellip;]<\/p>\n","protected":false},"author":1,"featured_media":0,"parent":0,"menu_order":0,"comment_status":"closed","ping_status":"closed","template":"templates\/blank.php","meta":{"footnotes":""},"class_list":["post-11035","page","type-page","status-publish","hentry"],"yoast_head":"<!-- This site is optimized with the Yoast SEO plugin v24.8.1 - https:\/\/yoast.com\/wordpress\/plugins\/seo\/ -->\n<title>Pol\u00edtica de Privacidade - Hine<\/title>\n<meta name=\"description\" content=\"Hine website privacy policyPol\u00edtica de privacidade do site Hine\" \/>\n<meta name=\"robots\" content=\"index, follow, max-snippet:-1, max-image-preview:large, max-video-preview:-1\" \/>\n<link rel=\"canonical\" href=\"https:\/\/www.hinegroup.com\/pt\/politica-de-privacidade\/\" \/>\n<meta property=\"og:locale\" content=\"pt_PT\" \/>\n<meta property=\"og:type\" content=\"article\" \/>\n<meta property=\"og:title\" content=\"Pol\u00edtica de Privacidade - Hine\" \/>\n<meta property=\"og:description\" content=\"Hine website privacy policyPol\u00edtica de privacidade do site Hine\" \/>\n<meta property=\"og:url\" content=\"https:\/\/www.hinegroup.com\/pt\/politica-de-privacidade\/\" \/>\n<meta property=\"og:site_name\" content=\"Hine\" \/>\n<meta property=\"article:modified_time\" content=\"2025-07-01T09:06:29+00:00\" \/>\n<meta name=\"twitter:card\" content=\"summary_large_image\" \/>\n<meta name=\"twitter:label1\" content=\"Tempo estimado de leitura\" \/>\n\t<meta name=\"twitter:data1\" content=\"3 minutos\" \/>\n<script type=\"application\/ld+json\" class=\"yoast-schema-graph\">{\"@context\":\"https:\/\/schema.org\",\"@graph\":[{\"@type\":\"WebPage\",\"@id\":\"https:\/\/www.hinegroup.com\/pt\/politica-de-privacidade\/\",\"url\":\"https:\/\/www.hinegroup.com\/pt\/politica-de-privacidade\/\",\"name\":\"Pol\u00edtica de Privacidade - Hine\",\"isPartOf\":{\"@id\":\"https:\/\/www.hinegroup.com\/#website\"},\"datePublished\":\"2019-09-19T14:57:34+00:00\",\"dateModified\":\"2025-07-01T09:06:29+00:00\",\"description\":\"Hine website privacy policyPol\u00edtica de privacidade do site Hine\",\"breadcrumb\":{\"@id\":\"https:\/\/www.hinegroup.com\/pt\/politica-de-privacidade\/#breadcrumb\"},\"inLanguage\":\"pt-PT\",\"potentialAction\":[{\"@type\":\"ReadAction\",\"target\":[\"https:\/\/www.hinegroup.com\/pt\/politica-de-privacidade\/\"]}]},{\"@type\":\"BreadcrumbList\",\"@id\":\"https:\/\/www.hinegroup.com\/pt\/politica-de-privacidade\/#breadcrumb\",\"itemListElement\":[{\"@type\":\"ListItem\",\"position\":1,\"name\":\"Portada\",\"item\":\"https:\/\/www.hinegroup.com\/pt\/\"},{\"@type\":\"ListItem\",\"position\":2,\"name\":\"Pol\u00edtica de privacidade\"}]},{\"@type\":\"WebSite\",\"@id\":\"https:\/\/www.hinegroup.com\/#website\",\"url\":\"https:\/\/www.hinegroup.com\/\",\"name\":\"Hine\",\"description\":\"Hine Group \u2013 Hydraulics for Renewables and Industrial Applications\",\"potentialAction\":[{\"@type\":\"SearchAction\",\"target\":{\"@type\":\"EntryPoint\",\"urlTemplate\":\"https:\/\/www.hinegroup.com\/?s={search_term_string}\"},\"query-input\":{\"@type\":\"PropertyValueSpecification\",\"valueRequired\":true,\"valueName\":\"search_term_string\"}}],\"inLanguage\":\"pt-PT\"}]}<\/script>\n<!-- \/ Yoast SEO plugin. -->","yoast_head_json":{"title":"Pol\u00edtica de Privacidade - Hine","description":"Hine website privacy policyPol\u00edtica de privacidade do site Hine","robots":{"index":"index","follow":"follow","max-snippet":"max-snippet:-1","max-image-preview":"max-image-preview:large","max-video-preview":"max-video-preview:-1"},"canonical":"https:\/\/www.hinegroup.com\/pt\/politica-de-privacidade\/","og_locale":"pt_PT","og_type":"article","og_title":"Pol\u00edtica de Privacidade - Hine","og_description":"Hine website privacy policyPol\u00edtica de privacidade do site Hine","og_url":"https:\/\/www.hinegroup.com\/pt\/politica-de-privacidade\/","og_site_name":"Hine","article_modified_time":"2025-07-01T09:06:29+00:00","twitter_card":"summary_large_image","twitter_misc":{"Tempo estimado de leitura":"3 minutos"},"schema":{"@context":"https:\/\/schema.org","@graph":[{"@type":"WebPage","@id":"https:\/\/www.hinegroup.com\/pt\/politica-de-privacidade\/","url":"https:\/\/www.hinegroup.com\/pt\/politica-de-privacidade\/","name":"Pol\u00edtica de Privacidade - Hine","isPartOf":{"@id":"https:\/\/www.hinegroup.com\/#website"},"datePublished":"2019-09-19T14:57:34+00:00","dateModified":"2025-07-01T09:06:29+00:00","description":"Hine website privacy policyPol\u00edtica de privacidade do site Hine","breadcrumb":{"@id":"https:\/\/www.hinegroup.com\/pt\/politica-de-privacidade\/#breadcrumb"},"inLanguage":"pt-PT","potentialAction":[{"@type":"ReadAction","target":["https:\/\/www.hinegroup.com\/pt\/politica-de-privacidade\/"]}]},{"@type":"BreadcrumbList","@id":"https:\/\/www.hinegroup.com\/pt\/politica-de-privacidade\/#breadcrumb","itemListElement":[{"@type":"ListItem","position":1,"name":"Portada","item":"https:\/\/www.hinegroup.com\/pt\/"},{"@type":"ListItem","position":2,"name":"Pol\u00edtica de privacidade"}]},{"@type":"WebSite","@id":"https:\/\/www.hinegroup.com\/#website","url":"https:\/\/www.hinegroup.com\/","name":"Hine","description":"Hine Group \u2013 Hydraulics for Renewables and Industrial Applications","potentialAction":[{"@type":"SearchAction","target":{"@type":"EntryPoint","urlTemplate":"https:\/\/www.hinegroup.com\/?s={search_term_string}"},"query-input":{"@type":"PropertyValueSpecification","valueRequired":true,"valueName":"search_term_string"}}],"inLanguage":"pt-PT"}]}},"_links":{"self":[{"href":"https:\/\/www.hinegroup.com\/pt\/wp-json\/wp\/v2\/pages\/11035","targetHints":{"allow":["GET"]}}],"collection":[{"href":"https:\/\/www.hinegroup.com\/pt\/wp-json\/wp\/v2\/pages"}],"about":[{"href":"https:\/\/www.hinegroup.com\/pt\/wp-json\/wp\/v2\/types\/page"}],"author":[{"embeddable":true,"href":"https:\/\/www.hinegroup.com\/pt\/wp-json\/wp\/v2\/users\/1"}],"replies":[{"embeddable":true,"href":"https:\/\/www.hinegroup.com\/pt\/wp-json\/wp\/v2\/comments?post=11035"}],"version-history":[{"count":3,"href":"https:\/\/www.hinegroup.com\/pt\/wp-json\/wp\/v2\/pages\/11035\/revisions"}],"predecessor-version":[{"id":16445,"href":"https:\/\/www.hinegroup.com\/pt\/wp-json\/wp\/v2\/pages\/11035\/revisions\/16445"}],"wp:attachment":[{"href":"https:\/\/www.hinegroup.com\/pt\/wp-json\/wp\/v2\/media?parent=11035"}],"curies":[{"name":"wp","href":"https:\/\/api.w.org\/{rel}","templated":true}]}}