{"id":11044,"date":"2019-09-19T14:59:45","date_gmt":"2019-09-19T14:59:45","guid":{"rendered":"https:\/\/www.hinegroup.com\/?page_id=11044"},"modified":"2019-12-11T08:45:30","modified_gmt":"2019-12-11T08:45:30","slug":"energia-solar","status":"publish","type":"page","link":"https:\/\/www.hinegroup.com\/pt\/energia-solar\/","title":{"rendered":"Energia solar"},"content":{"rendered":"","protected":false},"excerpt":{"rendered":"","protected":false},"author":1,"featured_media":0,"parent":0,"menu_order":0,"comment_status":"closed","ping_status":"closed","template":"templates\/solar-power.php","meta":{"footnotes":""},"class_list":["post-11044","page","type-page","status-publish","hentry"],"yoast_head":"<!-- This site is optimized with the Yoast SEO plugin v24.8.1 - https:\/\/yoast.com\/wordpress\/plugins\/seo\/ -->\n<title>Sistemas hidr\u00e1ulicos para energia solar<\/title>\n<meta name=\"description\" content=\"A Hine fornece sistemas hidr\u00e1ulicos de qualidade para empresas do setor solar, al\u00e9m de um servi\u00e7o completo, da produ\u00e7\u00e3o \u00e0 manuten\u00e7\u00e3o.\" \/>\n<meta name=\"robots\" content=\"index, follow, max-snippet:-1, max-image-preview:large, max-video-preview:-1\" \/>\n<link rel=\"canonical\" href=\"https:\/\/www.hinegroup.com\/hydraulic-systems-solar-power\/\" \/>\n<meta property=\"og:locale\" content=\"pt_PT\" \/>\n<meta property=\"og:type\" content=\"article\" \/>\n<meta property=\"og:title\" content=\"Sistemas hidr\u00e1ulicos para energia solar\" \/>\n<meta property=\"og:description\" content=\"A Hine fornece sistemas hidr\u00e1ulicos de qualidade para empresas do setor solar, al\u00e9m de um servi\u00e7o completo, da produ\u00e7\u00e3o \u00e0 manuten\u00e7\u00e3o.\" \/>\n<meta property=\"og:url\" content=\"https:\/\/www.hinegroup.com\/hydraulic-systems-solar-power\/\" \/>\n<meta property=\"og:site_name\" content=\"Hine\" \/>\n<meta property=\"article:modified_time\" content=\"2019-12-11T08:45:30+00:00\" \/>\n<meta name=\"twitter:card\" content=\"summary_large_image\" \/>\n<script type=\"application\/ld+json\" class=\"yoast-schema-graph\">{\"@context\":\"https:\/\/schema.org\",\"@graph\":[{\"@type\":\"WebPage\",\"@id\":\"https:\/\/www.hinegroup.com\/hydraulic-systems-solar-power\/\",\"url\":\"https:\/\/www.hinegroup.com\/hydraulic-systems-solar-power\/\",\"name\":\"Sistemas hidr\u00e1ulicos para energia solar\",\"isPartOf\":{\"@id\":\"https:\/\/www.hinegroup.com\/#website\"},\"datePublished\":\"2019-09-19T14:59:45+00:00\",\"dateModified\":\"2019-12-11T08:45:30+00:00\",\"description\":\"A Hine fornece sistemas hidr\u00e1ulicos de qualidade para empresas do setor solar, al\u00e9m de um servi\u00e7o completo, da produ\u00e7\u00e3o \u00e0 manuten\u00e7\u00e3o.\",\"breadcrumb\":{\"@id\":\"https:\/\/www.hinegroup.com\/hydraulic-systems-solar-power\/#breadcrumb\"},\"inLanguage\":\"pt-PT\",\"potentialAction\":[{\"@type\":\"ReadAction\",\"target\":[\"https:\/\/www.hinegroup.com\/hydraulic-systems-solar-power\/\"]}]},{\"@type\":\"BreadcrumbList\",\"@id\":\"https:\/\/www.hinegroup.com\/hydraulic-systems-solar-power\/#breadcrumb\",\"itemListElement\":[{\"@type\":\"ListItem\",\"position\":1,\"name\":\"Portada\",\"item\":\"https:\/\/www.hinegroup.com\/pt\/\"},{\"@type\":\"ListItem\",\"position\":2,\"name\":\"Energia solar\"}]},{\"@type\":\"WebSite\",\"@id\":\"https:\/\/www.hinegroup.com\/#website\",\"url\":\"https:\/\/www.hinegroup.com\/\",\"name\":\"Hine\",\"description\":\"Hine Group \u2013 Hydraulics for Renewables and Industrial Applications\",\"potentialAction\":[{\"@type\":\"SearchAction\",\"target\":{\"@type\":\"EntryPoint\",\"urlTemplate\":\"https:\/\/www.hinegroup.com\/?s={search_term_string}\"},\"query-input\":{\"@type\":\"PropertyValueSpecification\",\"valueRequired\":true,\"valueName\":\"search_term_string\"}}],\"inLanguage\":\"pt-PT\"}]}<\/script>\n<!-- \/ Yoast SEO plugin. -->","yoast_head_json":{"title":"Sistemas hidr\u00e1ulicos para energia solar","description":"A Hine fornece sistemas hidr\u00e1ulicos de qualidade para empresas do setor solar, al\u00e9m de um servi\u00e7o completo, da produ\u00e7\u00e3o \u00e0 manuten\u00e7\u00e3o.","robots":{"index":"index","follow":"follow","max-snippet":"max-snippet:-1","max-image-preview":"max-image-preview:large","max-video-preview":"max-video-preview:-1"},"canonical":"https:\/\/www.hinegroup.com\/hydraulic-systems-solar-power\/","og_locale":"pt_PT","og_type":"article","og_title":"Sistemas hidr\u00e1ulicos para energia solar","og_description":"A Hine fornece sistemas hidr\u00e1ulicos de qualidade para empresas do setor solar, al\u00e9m de um servi\u00e7o completo, da produ\u00e7\u00e3o \u00e0 manuten\u00e7\u00e3o.","og_url":"https:\/\/www.hinegroup.com\/hydraulic-systems-solar-power\/","og_site_name":"Hine","article_modified_time":"2019-12-11T08:45:30+00:00","twitter_card":"summary_large_image","schema":{"@context":"https:\/\/schema.org","@graph":[{"@type":"WebPage","@id":"https:\/\/www.hinegroup.com\/hydraulic-systems-solar-power\/","url":"https:\/\/www.hinegroup.com\/hydraulic-systems-solar-power\/","name":"Sistemas hidr\u00e1ulicos para energia solar","isPartOf":{"@id":"https:\/\/www.hinegroup.com\/#website"},"datePublished":"2019-09-19T14:59:45+00:00","dateModified":"2019-12-11T08:45:30+00:00","description":"A Hine fornece sistemas hidr\u00e1ulicos de qualidade para empresas do setor solar, al\u00e9m de um servi\u00e7o completo, da produ\u00e7\u00e3o \u00e0 manuten\u00e7\u00e3o.","breadcrumb":{"@id":"https:\/\/www.hinegroup.com\/hydraulic-systems-solar-power\/#breadcrumb"},"inLanguage":"pt-PT","potentialAction":[{"@type":"ReadAction","target":["https:\/\/www.hinegroup.com\/hydraulic-systems-solar-power\/"]}]},{"@type":"BreadcrumbList","@id":"https:\/\/www.hinegroup.com\/hydraulic-systems-solar-power\/#breadcrumb","itemListElement":[{"@type":"ListItem","position":1,"name":"Portada","item":"https:\/\/www.hinegroup.com\/pt\/"},{"@type":"ListItem","position":2,"name":"Energia solar"}]},{"@type":"WebSite","@id":"https:\/\/www.hinegroup.com\/#website","url":"https:\/\/www.hinegroup.com\/","name":"Hine","description":"Hine Group \u2013 Hydraulics for Renewables and Industrial Applications","potentialAction":[{"@type":"SearchAction","target":{"@type":"EntryPoint","urlTemplate":"https:\/\/www.hinegroup.com\/?s={search_term_string}"},"query-input":{"@type":"PropertyValueSpecification","valueRequired":true,"valueName":"search_term_string"}}],"inLanguage":"pt-PT"}]}},"_links":{"self":[{"href":"https:\/\/www.hinegroup.com\/pt\/wp-json\/wp\/v2\/pages\/11044","targetHints":{"allow":["GET"]}}],"collection":[{"href":"https:\/\/www.hinegroup.com\/pt\/wp-json\/wp\/v2\/pages"}],"about":[{"href":"https:\/\/www.hinegroup.com\/pt\/wp-json\/wp\/v2\/types\/page"}],"author":[{"embeddable":true,"href":"https:\/\/www.hinegroup.com\/pt\/wp-json\/wp\/v2\/users\/1"}],"replies":[{"embeddable":true,"href":"https:\/\/www.hinegroup.com\/pt\/wp-json\/wp\/v2\/comments?post=11044"}],"version-history":[{"count":1,"href":"https:\/\/www.hinegroup.com\/pt\/wp-json\/wp\/v2\/pages\/11044\/revisions"}],"predecessor-version":[{"id":11045,"href":"https:\/\/www.hinegroup.com\/pt\/wp-json\/wp\/v2\/pages\/11044\/revisions\/11045"}],"wp:attachment":[{"href":"https:\/\/www.hinegroup.com\/pt\/wp-json\/wp\/v2\/media?parent=11044"}],"curies":[{"name":"wp","href":"https:\/\/api.w.org\/{rel}","templated":true}]}}