{"id":12701,"date":"2019-11-06T11:35:21","date_gmt":"2019-11-06T11:35:21","guid":{"rendered":"https:\/\/www.hinegroup.com\/?page_id=12701"},"modified":"2019-12-09T09:22:56","modified_gmt":"2019-12-09T09:22:56","slug":"industrias","status":"publish","type":"page","link":"https:\/\/www.hinegroup.com\/pt\/industrias\/","title":{"rendered":"Ind\u00fastrias"},"content":{"rendered":"","protected":false},"excerpt":{"rendered":"","protected":false},"author":1,"featured_media":0,"parent":0,"menu_order":0,"comment_status":"closed","ping_status":"closed","template":"templates\/industries.php","meta":{"footnotes":""},"class_list":["post-12701","page","type-page","status-publish","hentry"],"yoast_head":"<!-- This site is optimized with the Yoast SEO plugin v24.8.1 - https:\/\/yoast.com\/wordpress\/plugins\/seo\/ -->\n<title>Setores em que o Hine Group trabalha<\/title>\n<meta name=\"description\" content=\"A equipe de engenharia do Hine Group desenvolve solu\u00e7\u00f5es hidr\u00e1ulicas de alta qualidade para os setores solar, e\u00f3lico e industrial.\" \/>\n<meta name=\"robots\" content=\"index, follow, max-snippet:-1, max-image-preview:large, max-video-preview:-1\" \/>\n<link rel=\"canonical\" href=\"https:\/\/www.hinegroup.com\/pt\/industrias\/\" \/>\n<meta property=\"og:locale\" content=\"pt_PT\" \/>\n<meta property=\"og:type\" content=\"article\" \/>\n<meta property=\"og:title\" content=\"Setores em que o Hine Group trabalha\" \/>\n<meta property=\"og:description\" content=\"A equipe de engenharia do Hine Group desenvolve solu\u00e7\u00f5es hidr\u00e1ulicas de alta qualidade para os setores solar, e\u00f3lico e industrial.\" \/>\n<meta property=\"og:url\" content=\"https:\/\/www.hinegroup.com\/pt\/industrias\/\" \/>\n<meta property=\"og:site_name\" content=\"Hine\" \/>\n<meta property=\"article:modified_time\" content=\"2019-12-09T09:22:56+00:00\" \/>\n<meta name=\"twitter:card\" content=\"summary_large_image\" \/>\n<script type=\"application\/ld+json\" class=\"yoast-schema-graph\">{\"@context\":\"https:\/\/schema.org\",\"@graph\":[{\"@type\":\"WebPage\",\"@id\":\"https:\/\/www.hinegroup.com\/pt\/industrias\/\",\"url\":\"https:\/\/www.hinegroup.com\/pt\/industrias\/\",\"name\":\"Setores em que o Hine Group trabalha\",\"isPartOf\":{\"@id\":\"https:\/\/www.hinegroup.com\/#website\"},\"datePublished\":\"2019-11-06T11:35:21+00:00\",\"dateModified\":\"2019-12-09T09:22:56+00:00\",\"description\":\"A equipe de engenharia do Hine Group desenvolve solu\u00e7\u00f5es hidr\u00e1ulicas de alta qualidade para os setores solar, e\u00f3lico e industrial.\",\"breadcrumb\":{\"@id\":\"https:\/\/www.hinegroup.com\/pt\/industrias\/#breadcrumb\"},\"inLanguage\":\"pt-PT\",\"potentialAction\":[{\"@type\":\"ReadAction\",\"target\":[\"https:\/\/www.hinegroup.com\/pt\/industrias\/\"]}]},{\"@type\":\"BreadcrumbList\",\"@id\":\"https:\/\/www.hinegroup.com\/pt\/industrias\/#breadcrumb\",\"itemListElement\":[{\"@type\":\"ListItem\",\"position\":1,\"name\":\"Portada\",\"item\":\"https:\/\/www.hinegroup.com\/pt\/\"},{\"@type\":\"ListItem\",\"position\":2,\"name\":\"Ind\u00fastrias\"}]},{\"@type\":\"WebSite\",\"@id\":\"https:\/\/www.hinegroup.com\/#website\",\"url\":\"https:\/\/www.hinegroup.com\/\",\"name\":\"Hine\",\"description\":\"Hine Group \u2013 Hydraulics for Renewables and Industrial Applications\",\"potentialAction\":[{\"@type\":\"SearchAction\",\"target\":{\"@type\":\"EntryPoint\",\"urlTemplate\":\"https:\/\/www.hinegroup.com\/?s={search_term_string}\"},\"query-input\":{\"@type\":\"PropertyValueSpecification\",\"valueRequired\":true,\"valueName\":\"search_term_string\"}}],\"inLanguage\":\"pt-PT\"}]}<\/script>\n<!-- \/ Yoast SEO plugin. -->","yoast_head_json":{"title":"Setores em que o Hine Group trabalha","description":"A equipe de engenharia do Hine Group desenvolve solu\u00e7\u00f5es hidr\u00e1ulicas de alta qualidade para os setores solar, e\u00f3lico e industrial.","robots":{"index":"index","follow":"follow","max-snippet":"max-snippet:-1","max-image-preview":"max-image-preview:large","max-video-preview":"max-video-preview:-1"},"canonical":"https:\/\/www.hinegroup.com\/pt\/industrias\/","og_locale":"pt_PT","og_type":"article","og_title":"Setores em que o Hine Group trabalha","og_description":"A equipe de engenharia do Hine Group desenvolve solu\u00e7\u00f5es hidr\u00e1ulicas de alta qualidade para os setores solar, e\u00f3lico e industrial.","og_url":"https:\/\/www.hinegroup.com\/pt\/industrias\/","og_site_name":"Hine","article_modified_time":"2019-12-09T09:22:56+00:00","twitter_card":"summary_large_image","schema":{"@context":"https:\/\/schema.org","@graph":[{"@type":"WebPage","@id":"https:\/\/www.hinegroup.com\/pt\/industrias\/","url":"https:\/\/www.hinegroup.com\/pt\/industrias\/","name":"Setores em que o Hine Group trabalha","isPartOf":{"@id":"https:\/\/www.hinegroup.com\/#website"},"datePublished":"2019-11-06T11:35:21+00:00","dateModified":"2019-12-09T09:22:56+00:00","description":"A equipe de engenharia do Hine Group desenvolve solu\u00e7\u00f5es hidr\u00e1ulicas de alta qualidade para os setores solar, e\u00f3lico e industrial.","breadcrumb":{"@id":"https:\/\/www.hinegroup.com\/pt\/industrias\/#breadcrumb"},"inLanguage":"pt-PT","potentialAction":[{"@type":"ReadAction","target":["https:\/\/www.hinegroup.com\/pt\/industrias\/"]}]},{"@type":"BreadcrumbList","@id":"https:\/\/www.hinegroup.com\/pt\/industrias\/#breadcrumb","itemListElement":[{"@type":"ListItem","position":1,"name":"Portada","item":"https:\/\/www.hinegroup.com\/pt\/"},{"@type":"ListItem","position":2,"name":"Ind\u00fastrias"}]},{"@type":"WebSite","@id":"https:\/\/www.hinegroup.com\/#website","url":"https:\/\/www.hinegroup.com\/","name":"Hine","description":"Hine Group \u2013 Hydraulics for Renewables and Industrial Applications","potentialAction":[{"@type":"SearchAction","target":{"@type":"EntryPoint","urlTemplate":"https:\/\/www.hinegroup.com\/?s={search_term_string}"},"query-input":{"@type":"PropertyValueSpecification","valueRequired":true,"valueName":"search_term_string"}}],"inLanguage":"pt-PT"}]}},"_links":{"self":[{"href":"https:\/\/www.hinegroup.com\/pt\/wp-json\/wp\/v2\/pages\/12701","targetHints":{"allow":["GET"]}}],"collection":[{"href":"https:\/\/www.hinegroup.com\/pt\/wp-json\/wp\/v2\/pages"}],"about":[{"href":"https:\/\/www.hinegroup.com\/pt\/wp-json\/wp\/v2\/types\/page"}],"author":[{"embeddable":true,"href":"https:\/\/www.hinegroup.com\/pt\/wp-json\/wp\/v2\/users\/1"}],"replies":[{"embeddable":true,"href":"https:\/\/www.hinegroup.com\/pt\/wp-json\/wp\/v2\/comments?post=12701"}],"version-history":[{"count":1,"href":"https:\/\/www.hinegroup.com\/pt\/wp-json\/wp\/v2\/pages\/12701\/revisions"}],"predecessor-version":[{"id":12702,"href":"https:\/\/www.hinegroup.com\/pt\/wp-json\/wp\/v2\/pages\/12701\/revisions\/12702"}],"wp:attachment":[{"href":"https:\/\/www.hinegroup.com\/pt\/wp-json\/wp\/v2\/media?parent=12701"}],"curies":[{"name":"wp","href":"https:\/\/api.w.org\/{rel}","templated":true}]}}