{"id":12874,"date":"2019-11-21T10:57:08","date_gmt":"2019-11-21T10:57:08","guid":{"rendered":"https:\/\/www.hinegroup.com\/?page_id=12874"},"modified":"2019-12-09T09:38:03","modified_gmt":"2019-12-09T09:38:03","slug":"pecas-de-reposicao-e-consumiveis","status":"publish","type":"page","link":"https:\/\/www.hinegroup.com\/pt\/pecas-de-reposicao-e-consumiveis\/","title":{"rendered":"Pe\u00e7as de reposi\u00e7\u00e3o e consum\u00edveis"},"content":{"rendered":"","protected":false},"excerpt":{"rendered":"","protected":false},"author":1,"featured_media":0,"parent":0,"menu_order":0,"comment_status":"closed","ping_status":"closed","template":"templates\/spare-parts.php","meta":{"footnotes":""},"class_list":["post-12874","page","type-page","status-publish","hentry"],"yoast_head":"<!-- This site is optimized with the Yoast SEO plugin v24.8.1 - https:\/\/yoast.com\/wordpress\/plugins\/seo\/ -->\n<title>Pe\u00e7as de reposi\u00e7\u00e3o para componentes hidr\u00e1ulicos: filtros, bombas ... - Hine<\/title>\n<meta name=\"description\" content=\"Procurando pe\u00e7as de reposi\u00e7\u00e3o para filtros hidr\u00e1ulicos, pe\u00e7as ecol\u00f3gicas, conectores, bombas ou motores hidr\u00e1ulicos? Contate o Hine! Temos um grande estoque.\" \/>\n<meta name=\"robots\" content=\"index, follow, max-snippet:-1, max-image-preview:large, max-video-preview:-1\" \/>\n<link rel=\"canonical\" href=\"https:\/\/www.hinegroup.com\/pt\/pecas-de-reposicao-e-consumiveis\/\" \/>\n<meta property=\"og:locale\" content=\"pt_PT\" \/>\n<meta property=\"og:type\" content=\"article\" \/>\n<meta property=\"og:title\" content=\"Pe\u00e7as de reposi\u00e7\u00e3o para componentes hidr\u00e1ulicos: filtros, bombas ... - Hine\" \/>\n<meta property=\"og:description\" content=\"Procurando pe\u00e7as de reposi\u00e7\u00e3o para filtros hidr\u00e1ulicos, pe\u00e7as ecol\u00f3gicas, conectores, bombas ou motores hidr\u00e1ulicos? Contate o Hine! Temos um grande estoque.\" \/>\n<meta property=\"og:url\" content=\"https:\/\/www.hinegroup.com\/pt\/pecas-de-reposicao-e-consumiveis\/\" \/>\n<meta property=\"og:site_name\" content=\"Hine\" \/>\n<meta property=\"article:modified_time\" content=\"2019-12-09T09:38:03+00:00\" \/>\n<meta name=\"twitter:card\" content=\"summary_large_image\" \/>\n<script type=\"application\/ld+json\" class=\"yoast-schema-graph\">{\"@context\":\"https:\/\/schema.org\",\"@graph\":[{\"@type\":\"WebPage\",\"@id\":\"https:\/\/www.hinegroup.com\/pt\/pecas-de-reposicao-e-consumiveis\/\",\"url\":\"https:\/\/www.hinegroup.com\/pt\/pecas-de-reposicao-e-consumiveis\/\",\"name\":\"Pe\u00e7as de reposi\u00e7\u00e3o para componentes hidr\u00e1ulicos: filtros, bombas ... - Hine\",\"isPartOf\":{\"@id\":\"https:\/\/www.hinegroup.com\/#website\"},\"datePublished\":\"2019-11-21T10:57:08+00:00\",\"dateModified\":\"2019-12-09T09:38:03+00:00\",\"description\":\"Procurando pe\u00e7as de reposi\u00e7\u00e3o para filtros hidr\u00e1ulicos, pe\u00e7as ecol\u00f3gicas, conectores, bombas ou motores hidr\u00e1ulicos? Contate o Hine! Temos um grande estoque.\",\"breadcrumb\":{\"@id\":\"https:\/\/www.hinegroup.com\/pt\/pecas-de-reposicao-e-consumiveis\/#breadcrumb\"},\"inLanguage\":\"pt-PT\",\"potentialAction\":[{\"@type\":\"ReadAction\",\"target\":[\"https:\/\/www.hinegroup.com\/pt\/pecas-de-reposicao-e-consumiveis\/\"]}]},{\"@type\":\"BreadcrumbList\",\"@id\":\"https:\/\/www.hinegroup.com\/pt\/pecas-de-reposicao-e-consumiveis\/#breadcrumb\",\"itemListElement\":[{\"@type\":\"ListItem\",\"position\":1,\"name\":\"Portada\",\"item\":\"https:\/\/www.hinegroup.com\/pt\/\"},{\"@type\":\"ListItem\",\"position\":2,\"name\":\"Pe\u00e7as de reposi\u00e7\u00e3o e consum\u00edveis\"}]},{\"@type\":\"WebSite\",\"@id\":\"https:\/\/www.hinegroup.com\/#website\",\"url\":\"https:\/\/www.hinegroup.com\/\",\"name\":\"Hine\",\"description\":\"Hine Group \u2013 Hydraulics for Renewables and Industrial Applications\",\"potentialAction\":[{\"@type\":\"SearchAction\",\"target\":{\"@type\":\"EntryPoint\",\"urlTemplate\":\"https:\/\/www.hinegroup.com\/?s={search_term_string}\"},\"query-input\":{\"@type\":\"PropertyValueSpecification\",\"valueRequired\":true,\"valueName\":\"search_term_string\"}}],\"inLanguage\":\"pt-PT\"}]}<\/script>\n<!-- \/ Yoast SEO plugin. -->","yoast_head_json":{"title":"Pe\u00e7as de reposi\u00e7\u00e3o para componentes hidr\u00e1ulicos: filtros, bombas ... - Hine","description":"Procurando pe\u00e7as de reposi\u00e7\u00e3o para filtros hidr\u00e1ulicos, pe\u00e7as ecol\u00f3gicas, conectores, bombas ou motores hidr\u00e1ulicos? Contate o Hine! Temos um grande estoque.","robots":{"index":"index","follow":"follow","max-snippet":"max-snippet:-1","max-image-preview":"max-image-preview:large","max-video-preview":"max-video-preview:-1"},"canonical":"https:\/\/www.hinegroup.com\/pt\/pecas-de-reposicao-e-consumiveis\/","og_locale":"pt_PT","og_type":"article","og_title":"Pe\u00e7as de reposi\u00e7\u00e3o para componentes hidr\u00e1ulicos: filtros, bombas ... - Hine","og_description":"Procurando pe\u00e7as de reposi\u00e7\u00e3o para filtros hidr\u00e1ulicos, pe\u00e7as ecol\u00f3gicas, conectores, bombas ou motores hidr\u00e1ulicos? Contate o Hine! Temos um grande estoque.","og_url":"https:\/\/www.hinegroup.com\/pt\/pecas-de-reposicao-e-consumiveis\/","og_site_name":"Hine","article_modified_time":"2019-12-09T09:38:03+00:00","twitter_card":"summary_large_image","schema":{"@context":"https:\/\/schema.org","@graph":[{"@type":"WebPage","@id":"https:\/\/www.hinegroup.com\/pt\/pecas-de-reposicao-e-consumiveis\/","url":"https:\/\/www.hinegroup.com\/pt\/pecas-de-reposicao-e-consumiveis\/","name":"Pe\u00e7as de reposi\u00e7\u00e3o para componentes hidr\u00e1ulicos: filtros, bombas ... - Hine","isPartOf":{"@id":"https:\/\/www.hinegroup.com\/#website"},"datePublished":"2019-11-21T10:57:08+00:00","dateModified":"2019-12-09T09:38:03+00:00","description":"Procurando pe\u00e7as de reposi\u00e7\u00e3o para filtros hidr\u00e1ulicos, pe\u00e7as ecol\u00f3gicas, conectores, bombas ou motores hidr\u00e1ulicos? Contate o Hine! Temos um grande estoque.","breadcrumb":{"@id":"https:\/\/www.hinegroup.com\/pt\/pecas-de-reposicao-e-consumiveis\/#breadcrumb"},"inLanguage":"pt-PT","potentialAction":[{"@type":"ReadAction","target":["https:\/\/www.hinegroup.com\/pt\/pecas-de-reposicao-e-consumiveis\/"]}]},{"@type":"BreadcrumbList","@id":"https:\/\/www.hinegroup.com\/pt\/pecas-de-reposicao-e-consumiveis\/#breadcrumb","itemListElement":[{"@type":"ListItem","position":1,"name":"Portada","item":"https:\/\/www.hinegroup.com\/pt\/"},{"@type":"ListItem","position":2,"name":"Pe\u00e7as de reposi\u00e7\u00e3o e consum\u00edveis"}]},{"@type":"WebSite","@id":"https:\/\/www.hinegroup.com\/#website","url":"https:\/\/www.hinegroup.com\/","name":"Hine","description":"Hine Group \u2013 Hydraulics for Renewables and Industrial Applications","potentialAction":[{"@type":"SearchAction","target":{"@type":"EntryPoint","urlTemplate":"https:\/\/www.hinegroup.com\/?s={search_term_string}"},"query-input":{"@type":"PropertyValueSpecification","valueRequired":true,"valueName":"search_term_string"}}],"inLanguage":"pt-PT"}]}},"_links":{"self":[{"href":"https:\/\/www.hinegroup.com\/pt\/wp-json\/wp\/v2\/pages\/12874","targetHints":{"allow":["GET"]}}],"collection":[{"href":"https:\/\/www.hinegroup.com\/pt\/wp-json\/wp\/v2\/pages"}],"about":[{"href":"https:\/\/www.hinegroup.com\/pt\/wp-json\/wp\/v2\/types\/page"}],"author":[{"embeddable":true,"href":"https:\/\/www.hinegroup.com\/pt\/wp-json\/wp\/v2\/users\/1"}],"replies":[{"embeddable":true,"href":"https:\/\/www.hinegroup.com\/pt\/wp-json\/wp\/v2\/comments?post=12874"}],"version-history":[{"count":2,"href":"https:\/\/www.hinegroup.com\/pt\/wp-json\/wp\/v2\/pages\/12874\/revisions"}],"predecessor-version":[{"id":12877,"href":"https:\/\/www.hinegroup.com\/pt\/wp-json\/wp\/v2\/pages\/12874\/revisions\/12877"}],"wp:attachment":[{"href":"https:\/\/www.hinegroup.com\/pt\/wp-json\/wp\/v2\/media?parent=12874"}],"curies":[{"name":"wp","href":"https:\/\/api.w.org\/{rel}","templated":true}]}}