{"id":12912,"date":"2019-11-21T11:15:55","date_gmt":"2019-11-21T11:15:55","guid":{"rendered":"https:\/\/www.hinegroup.com\/?page_id=12912"},"modified":"2019-12-10T08:25:22","modified_gmt":"2019-12-10T08:25:22","slug":"conexoes-rapidas","status":"publish","type":"page","link":"https:\/\/www.hinegroup.com\/pt\/pecas-de-reposicao-e-consumiveis\/conexoes-rapidas\/","title":{"rendered":"Conex\u00f5es r\u00e1pidas"},"content":{"rendered":"","protected":false},"excerpt":{"rendered":"","protected":false},"author":1,"featured_media":12158,"parent":12874,"menu_order":0,"comment_status":"closed","ping_status":"closed","template":"templates\/spare-parts-category.php","meta":{"footnotes":""},"class_list":["post-12912","page","type-page","status-publish","has-post-thumbnail","hentry"],"yoast_head":"<!-- This site is optimized with the Yoast SEO plugin v24.8.1 - https:\/\/yoast.com\/wordpress\/plugins\/seo\/ -->\n<title>Pe\u00e7as de reposi\u00e7\u00e3o para buj\u00f5es r\u00e1pidos hidr\u00e1ulicos e pneum\u00e1ticos - Hine<\/title>\n<meta name=\"description\" content=\"\u00c0 procura de pe\u00e7as de reposi\u00e7\u00e3o para as tomadas r\u00e1pidas da Parker? Entre em contato com a Hine! Somos especialistas em componentes para sistemas hidr\u00e1ulicos.\" \/>\n<meta name=\"robots\" content=\"index, follow, max-snippet:-1, max-image-preview:large, max-video-preview:-1\" \/>\n<link rel=\"canonical\" href=\"https:\/\/www.hinegroup.com\/spare-parts-and-consumables\/quick-couplings\/\" \/>\n<meta property=\"og:locale\" content=\"pt_PT\" \/>\n<meta property=\"og:type\" content=\"article\" \/>\n<meta property=\"og:title\" content=\"Pe\u00e7as de reposi\u00e7\u00e3o para buj\u00f5es r\u00e1pidos hidr\u00e1ulicos e pneum\u00e1ticos - Hine\" \/>\n<meta property=\"og:description\" content=\"\u00c0 procura de pe\u00e7as de reposi\u00e7\u00e3o para as tomadas r\u00e1pidas da Parker? Entre em contato com a Hine! Somos especialistas em componentes para sistemas hidr\u00e1ulicos.\" \/>\n<meta property=\"og:url\" content=\"https:\/\/www.hinegroup.com\/spare-parts-and-consumables\/quick-couplings\/\" \/>\n<meta property=\"og:site_name\" content=\"Hine\" \/>\n<meta property=\"article:modified_time\" content=\"2019-12-10T08:25:22+00:00\" \/>\n<meta property=\"og:image\" content=\"https:\/\/www.hinegroup.com\/wp-content\/uploads\/2019\/10\/quick-couplings.jpg\" \/>\n\t<meta property=\"og:image:width\" content=\"966\" \/>\n\t<meta property=\"og:image:height\" content=\"966\" \/>\n\t<meta property=\"og:image:type\" content=\"image\/jpeg\" \/>\n<meta name=\"twitter:card\" content=\"summary_large_image\" \/>\n<script type=\"application\/ld+json\" class=\"yoast-schema-graph\">{\"@context\":\"https:\/\/schema.org\",\"@graph\":[{\"@type\":\"WebPage\",\"@id\":\"https:\/\/www.hinegroup.com\/spare-parts-and-consumables\/quick-couplings\/\",\"url\":\"https:\/\/www.hinegroup.com\/spare-parts-and-consumables\/quick-couplings\/\",\"name\":\"Pe\u00e7as de reposi\u00e7\u00e3o para buj\u00f5es r\u00e1pidos hidr\u00e1ulicos e pneum\u00e1ticos - Hine\",\"isPartOf\":{\"@id\":\"https:\/\/www.hinegroup.com\/#website\"},\"primaryImageOfPage\":{\"@id\":\"https:\/\/www.hinegroup.com\/spare-parts-and-consumables\/quick-couplings\/#primaryimage\"},\"image\":{\"@id\":\"https:\/\/www.hinegroup.com\/spare-parts-and-consumables\/quick-couplings\/#primaryimage\"},\"thumbnailUrl\":\"https:\/\/www.hinegroup.com\/wp-content\/uploads\/2019\/10\/quick-couplings.jpg\",\"datePublished\":\"2019-11-21T11:15:55+00:00\",\"dateModified\":\"2019-12-10T08:25:22+00:00\",\"description\":\"\u00c0 procura de pe\u00e7as de reposi\u00e7\u00e3o para as tomadas r\u00e1pidas da Parker? Entre em contato com a Hine! Somos especialistas em componentes para sistemas hidr\u00e1ulicos.\",\"breadcrumb\":{\"@id\":\"https:\/\/www.hinegroup.com\/spare-parts-and-consumables\/quick-couplings\/#breadcrumb\"},\"inLanguage\":\"pt-PT\",\"potentialAction\":[{\"@type\":\"ReadAction\",\"target\":[\"https:\/\/www.hinegroup.com\/spare-parts-and-consumables\/quick-couplings\/\"]}]},{\"@type\":\"ImageObject\",\"inLanguage\":\"pt-PT\",\"@id\":\"https:\/\/www.hinegroup.com\/spare-parts-and-consumables\/quick-couplings\/#primaryimage\",\"url\":\"https:\/\/www.hinegroup.com\/wp-content\/uploads\/2019\/10\/quick-couplings.jpg\",\"contentUrl\":\"https:\/\/www.hinegroup.com\/wp-content\/uploads\/2019\/10\/quick-couplings.jpg\",\"width\":966,\"height\":966,\"caption\":\"Parker\u2019s Quick Coupling Spare Parts\"},{\"@type\":\"BreadcrumbList\",\"@id\":\"https:\/\/www.hinegroup.com\/spare-parts-and-consumables\/quick-couplings\/#breadcrumb\",\"itemListElement\":[{\"@type\":\"ListItem\",\"position\":1,\"name\":\"Portada\",\"item\":\"https:\/\/www.hinegroup.com\/pt\/\"},{\"@type\":\"ListItem\",\"position\":2,\"name\":\"Pe\u00e7as de reposi\u00e7\u00e3o e consum\u00edveis\",\"item\":\"https:\/\/www.hinegroup.com\/pt\/pecas-de-reposicao-e-consumiveis\/\"},{\"@type\":\"ListItem\",\"position\":3,\"name\":\"Conex\u00f5es r\u00e1pidas\"}]},{\"@type\":\"WebSite\",\"@id\":\"https:\/\/www.hinegroup.com\/#website\",\"url\":\"https:\/\/www.hinegroup.com\/\",\"name\":\"Hine\",\"description\":\"Hine Group \u2013 Hydraulics for Renewables and Industrial Applications\",\"potentialAction\":[{\"@type\":\"SearchAction\",\"target\":{\"@type\":\"EntryPoint\",\"urlTemplate\":\"https:\/\/www.hinegroup.com\/?s={search_term_string}\"},\"query-input\":{\"@type\":\"PropertyValueSpecification\",\"valueRequired\":true,\"valueName\":\"search_term_string\"}}],\"inLanguage\":\"pt-PT\"}]}<\/script>\n<!-- \/ Yoast SEO plugin. -->","yoast_head_json":{"title":"Pe\u00e7as de reposi\u00e7\u00e3o para buj\u00f5es r\u00e1pidos hidr\u00e1ulicos e pneum\u00e1ticos - Hine","description":"\u00c0 procura de pe\u00e7as de reposi\u00e7\u00e3o para as tomadas r\u00e1pidas da Parker? Entre em contato com a Hine! Somos especialistas em componentes para sistemas hidr\u00e1ulicos.","robots":{"index":"index","follow":"follow","max-snippet":"max-snippet:-1","max-image-preview":"max-image-preview:large","max-video-preview":"max-video-preview:-1"},"canonical":"https:\/\/www.hinegroup.com\/spare-parts-and-consumables\/quick-couplings\/","og_locale":"pt_PT","og_type":"article","og_title":"Pe\u00e7as de reposi\u00e7\u00e3o para buj\u00f5es r\u00e1pidos hidr\u00e1ulicos e pneum\u00e1ticos - Hine","og_description":"\u00c0 procura de pe\u00e7as de reposi\u00e7\u00e3o para as tomadas r\u00e1pidas da Parker? Entre em contato com a Hine! Somos especialistas em componentes para sistemas hidr\u00e1ulicos.","og_url":"https:\/\/www.hinegroup.com\/spare-parts-and-consumables\/quick-couplings\/","og_site_name":"Hine","article_modified_time":"2019-12-10T08:25:22+00:00","og_image":[{"width":966,"height":966,"url":"https:\/\/www.hinegroup.com\/wp-content\/uploads\/2019\/10\/quick-couplings.jpg","type":"image\/jpeg"}],"twitter_card":"summary_large_image","schema":{"@context":"https:\/\/schema.org","@graph":[{"@type":"WebPage","@id":"https:\/\/www.hinegroup.com\/spare-parts-and-consumables\/quick-couplings\/","url":"https:\/\/www.hinegroup.com\/spare-parts-and-consumables\/quick-couplings\/","name":"Pe\u00e7as de reposi\u00e7\u00e3o para buj\u00f5es r\u00e1pidos hidr\u00e1ulicos e pneum\u00e1ticos - Hine","isPartOf":{"@id":"https:\/\/www.hinegroup.com\/#website"},"primaryImageOfPage":{"@id":"https:\/\/www.hinegroup.com\/spare-parts-and-consumables\/quick-couplings\/#primaryimage"},"image":{"@id":"https:\/\/www.hinegroup.com\/spare-parts-and-consumables\/quick-couplings\/#primaryimage"},"thumbnailUrl":"https:\/\/www.hinegroup.com\/wp-content\/uploads\/2019\/10\/quick-couplings.jpg","datePublished":"2019-11-21T11:15:55+00:00","dateModified":"2019-12-10T08:25:22+00:00","description":"\u00c0 procura de pe\u00e7as de reposi\u00e7\u00e3o para as tomadas r\u00e1pidas da Parker? Entre em contato com a Hine! Somos especialistas em componentes para sistemas hidr\u00e1ulicos.","breadcrumb":{"@id":"https:\/\/www.hinegroup.com\/spare-parts-and-consumables\/quick-couplings\/#breadcrumb"},"inLanguage":"pt-PT","potentialAction":[{"@type":"ReadAction","target":["https:\/\/www.hinegroup.com\/spare-parts-and-consumables\/quick-couplings\/"]}]},{"@type":"ImageObject","inLanguage":"pt-PT","@id":"https:\/\/www.hinegroup.com\/spare-parts-and-consumables\/quick-couplings\/#primaryimage","url":"https:\/\/www.hinegroup.com\/wp-content\/uploads\/2019\/10\/quick-couplings.jpg","contentUrl":"https:\/\/www.hinegroup.com\/wp-content\/uploads\/2019\/10\/quick-couplings.jpg","width":966,"height":966,"caption":"Parker\u2019s Quick Coupling Spare Parts"},{"@type":"BreadcrumbList","@id":"https:\/\/www.hinegroup.com\/spare-parts-and-consumables\/quick-couplings\/#breadcrumb","itemListElement":[{"@type":"ListItem","position":1,"name":"Portada","item":"https:\/\/www.hinegroup.com\/pt\/"},{"@type":"ListItem","position":2,"name":"Pe\u00e7as de reposi\u00e7\u00e3o e consum\u00edveis","item":"https:\/\/www.hinegroup.com\/pt\/pecas-de-reposicao-e-consumiveis\/"},{"@type":"ListItem","position":3,"name":"Conex\u00f5es r\u00e1pidas"}]},{"@type":"WebSite","@id":"https:\/\/www.hinegroup.com\/#website","url":"https:\/\/www.hinegroup.com\/","name":"Hine","description":"Hine Group \u2013 Hydraulics for Renewables and Industrial Applications","potentialAction":[{"@type":"SearchAction","target":{"@type":"EntryPoint","urlTemplate":"https:\/\/www.hinegroup.com\/?s={search_term_string}"},"query-input":{"@type":"PropertyValueSpecification","valueRequired":true,"valueName":"search_term_string"}}],"inLanguage":"pt-PT"}]}},"_links":{"self":[{"href":"https:\/\/www.hinegroup.com\/pt\/wp-json\/wp\/v2\/pages\/12912","targetHints":{"allow":["GET"]}}],"collection":[{"href":"https:\/\/www.hinegroup.com\/pt\/wp-json\/wp\/v2\/pages"}],"about":[{"href":"https:\/\/www.hinegroup.com\/pt\/wp-json\/wp\/v2\/types\/page"}],"author":[{"embeddable":true,"href":"https:\/\/www.hinegroup.com\/pt\/wp-json\/wp\/v2\/users\/1"}],"replies":[{"embeddable":true,"href":"https:\/\/www.hinegroup.com\/pt\/wp-json\/wp\/v2\/comments?post=12912"}],"version-history":[{"count":2,"href":"https:\/\/www.hinegroup.com\/pt\/wp-json\/wp\/v2\/pages\/12912\/revisions"}],"predecessor-version":[{"id":12914,"href":"https:\/\/www.hinegroup.com\/pt\/wp-json\/wp\/v2\/pages\/12912\/revisions\/12914"}],"up":[{"embeddable":true,"href":"https:\/\/www.hinegroup.com\/pt\/wp-json\/wp\/v2\/pages\/12874"}],"wp:featuredmedia":[{"embeddable":true,"href":"https:\/\/www.hinegroup.com\/pt\/wp-json\/wp\/v2\/media\/12158"}],"wp:attachment":[{"href":"https:\/\/www.hinegroup.com\/pt\/wp-json\/wp\/v2\/media?parent=12912"}],"curies":[{"name":"wp","href":"https:\/\/api.w.org\/{rel}","templated":true}]}}