{"id":12918,"date":"2019-11-21T11:17:10","date_gmt":"2019-11-21T11:17:10","guid":{"rendered":"https:\/\/www.hinegroup.com\/?page_id=12918"},"modified":"2019-12-10T08:20:43","modified_gmt":"2019-12-10T08:20:43","slug":"acessorios-para-tubos","status":"publish","type":"page","link":"https:\/\/www.hinegroup.com\/pt\/pecas-de-reposicao-e-consumiveis\/acessorios-para-tubos\/","title":{"rendered":"Acess\u00f3rios para tubos"},"content":{"rendered":"","protected":false},"excerpt":{"rendered":"","protected":false},"author":1,"featured_media":12163,"parent":12874,"menu_order":0,"comment_status":"closed","ping_status":"closed","template":"templates\/spare-parts-category.php","meta":{"footnotes":""},"class_list":["post-12918","page","type-page","status-publish","has-post-thumbnail","hentry"],"yoast_head":"<!-- This site is optimized with the Yoast SEO plugin v24.8.1 - https:\/\/yoast.com\/wordpress\/plugins\/seo\/ -->\n<title>Pe\u00e7as e acess\u00f3rios para tubos - Hine<\/title>\n<meta name=\"description\" content=\"Procurando pe\u00e7as de reposi\u00e7\u00e3o para tubos ou conex\u00f5es de tubos? Entre em contato com a Hine! Somos especialistas em componentes para sistemas hidr\u00e1ulicos.\" \/>\n<meta name=\"robots\" content=\"index, follow, max-snippet:-1, max-image-preview:large, max-video-preview:-1\" \/>\n<link rel=\"canonical\" href=\"https:\/\/www.hinegroup.com\/spare-parts-and-consumables\/tube-fittings\/\" \/>\n<meta property=\"og:locale\" content=\"pt_PT\" \/>\n<meta property=\"og:type\" content=\"article\" \/>\n<meta property=\"og:title\" content=\"Pe\u00e7as e acess\u00f3rios para tubos - Hine\" \/>\n<meta property=\"og:description\" content=\"Procurando pe\u00e7as de reposi\u00e7\u00e3o para tubos ou conex\u00f5es de tubos? Entre em contato com a Hine! Somos especialistas em componentes para sistemas hidr\u00e1ulicos.\" \/>\n<meta property=\"og:url\" content=\"https:\/\/www.hinegroup.com\/spare-parts-and-consumables\/tube-fittings\/\" \/>\n<meta property=\"og:site_name\" content=\"Hine\" \/>\n<meta property=\"article:modified_time\" content=\"2019-12-10T08:20:43+00:00\" \/>\n<meta property=\"og:image\" content=\"https:\/\/www.hinegroup.com\/wp-content\/uploads\/2019\/10\/tube-fittings.jpg\" \/>\n\t<meta property=\"og:image:width\" content=\"966\" \/>\n\t<meta property=\"og:image:height\" content=\"966\" \/>\n\t<meta property=\"og:image:type\" content=\"image\/jpeg\" \/>\n<meta name=\"twitter:card\" content=\"summary_large_image\" \/>\n<script type=\"application\/ld+json\" class=\"yoast-schema-graph\">{\"@context\":\"https:\/\/schema.org\",\"@graph\":[{\"@type\":\"WebPage\",\"@id\":\"https:\/\/www.hinegroup.com\/spare-parts-and-consumables\/tube-fittings\/\",\"url\":\"https:\/\/www.hinegroup.com\/spare-parts-and-consumables\/tube-fittings\/\",\"name\":\"Pe\u00e7as e acess\u00f3rios para tubos - Hine\",\"isPartOf\":{\"@id\":\"https:\/\/www.hinegroup.com\/#website\"},\"primaryImageOfPage\":{\"@id\":\"https:\/\/www.hinegroup.com\/spare-parts-and-consumables\/tube-fittings\/#primaryimage\"},\"image\":{\"@id\":\"https:\/\/www.hinegroup.com\/spare-parts-and-consumables\/tube-fittings\/#primaryimage\"},\"thumbnailUrl\":\"https:\/\/www.hinegroup.com\/wp-content\/uploads\/2019\/10\/tube-fittings.jpg\",\"datePublished\":\"2019-11-21T11:17:10+00:00\",\"dateModified\":\"2019-12-10T08:20:43+00:00\",\"description\":\"Procurando pe\u00e7as de reposi\u00e7\u00e3o para tubos ou conex\u00f5es de tubos? Entre em contato com a Hine! Somos especialistas em componentes para sistemas hidr\u00e1ulicos.\",\"breadcrumb\":{\"@id\":\"https:\/\/www.hinegroup.com\/spare-parts-and-consumables\/tube-fittings\/#breadcrumb\"},\"inLanguage\":\"pt-PT\",\"potentialAction\":[{\"@type\":\"ReadAction\",\"target\":[\"https:\/\/www.hinegroup.com\/spare-parts-and-consumables\/tube-fittings\/\"]}]},{\"@type\":\"ImageObject\",\"inLanguage\":\"pt-PT\",\"@id\":\"https:\/\/www.hinegroup.com\/spare-parts-and-consumables\/tube-fittings\/#primaryimage\",\"url\":\"https:\/\/www.hinegroup.com\/wp-content\/uploads\/2019\/10\/tube-fittings.jpg\",\"contentUrl\":\"https:\/\/www.hinegroup.com\/wp-content\/uploads\/2019\/10\/tube-fittings.jpg\",\"width\":966,\"height\":966,\"caption\":\"Tube Fittings Spare Parts\"},{\"@type\":\"BreadcrumbList\",\"@id\":\"https:\/\/www.hinegroup.com\/spare-parts-and-consumables\/tube-fittings\/#breadcrumb\",\"itemListElement\":[{\"@type\":\"ListItem\",\"position\":1,\"name\":\"Portada\",\"item\":\"https:\/\/www.hinegroup.com\/pt\/\"},{\"@type\":\"ListItem\",\"position\":2,\"name\":\"Pe\u00e7as de reposi\u00e7\u00e3o e consum\u00edveis\",\"item\":\"https:\/\/www.hinegroup.com\/pt\/pecas-de-reposicao-e-consumiveis\/\"},{\"@type\":\"ListItem\",\"position\":3,\"name\":\"Acess\u00f3rios para tubos\"}]},{\"@type\":\"WebSite\",\"@id\":\"https:\/\/www.hinegroup.com\/#website\",\"url\":\"https:\/\/www.hinegroup.com\/\",\"name\":\"Hine\",\"description\":\"Hine Group \u2013 Hydraulics for Renewables and Industrial Applications\",\"potentialAction\":[{\"@type\":\"SearchAction\",\"target\":{\"@type\":\"EntryPoint\",\"urlTemplate\":\"https:\/\/www.hinegroup.com\/?s={search_term_string}\"},\"query-input\":{\"@type\":\"PropertyValueSpecification\",\"valueRequired\":true,\"valueName\":\"search_term_string\"}}],\"inLanguage\":\"pt-PT\"}]}<\/script>\n<!-- \/ Yoast SEO plugin. -->","yoast_head_json":{"title":"Pe\u00e7as e acess\u00f3rios para tubos - Hine","description":"Procurando pe\u00e7as de reposi\u00e7\u00e3o para tubos ou conex\u00f5es de tubos? Entre em contato com a Hine! Somos especialistas em componentes para sistemas hidr\u00e1ulicos.","robots":{"index":"index","follow":"follow","max-snippet":"max-snippet:-1","max-image-preview":"max-image-preview:large","max-video-preview":"max-video-preview:-1"},"canonical":"https:\/\/www.hinegroup.com\/spare-parts-and-consumables\/tube-fittings\/","og_locale":"pt_PT","og_type":"article","og_title":"Pe\u00e7as e acess\u00f3rios para tubos - Hine","og_description":"Procurando pe\u00e7as de reposi\u00e7\u00e3o para tubos ou conex\u00f5es de tubos? Entre em contato com a Hine! Somos especialistas em componentes para sistemas hidr\u00e1ulicos.","og_url":"https:\/\/www.hinegroup.com\/spare-parts-and-consumables\/tube-fittings\/","og_site_name":"Hine","article_modified_time":"2019-12-10T08:20:43+00:00","og_image":[{"width":966,"height":966,"url":"https:\/\/www.hinegroup.com\/wp-content\/uploads\/2019\/10\/tube-fittings.jpg","type":"image\/jpeg"}],"twitter_card":"summary_large_image","schema":{"@context":"https:\/\/schema.org","@graph":[{"@type":"WebPage","@id":"https:\/\/www.hinegroup.com\/spare-parts-and-consumables\/tube-fittings\/","url":"https:\/\/www.hinegroup.com\/spare-parts-and-consumables\/tube-fittings\/","name":"Pe\u00e7as e acess\u00f3rios para tubos - Hine","isPartOf":{"@id":"https:\/\/www.hinegroup.com\/#website"},"primaryImageOfPage":{"@id":"https:\/\/www.hinegroup.com\/spare-parts-and-consumables\/tube-fittings\/#primaryimage"},"image":{"@id":"https:\/\/www.hinegroup.com\/spare-parts-and-consumables\/tube-fittings\/#primaryimage"},"thumbnailUrl":"https:\/\/www.hinegroup.com\/wp-content\/uploads\/2019\/10\/tube-fittings.jpg","datePublished":"2019-11-21T11:17:10+00:00","dateModified":"2019-12-10T08:20:43+00:00","description":"Procurando pe\u00e7as de reposi\u00e7\u00e3o para tubos ou conex\u00f5es de tubos? Entre em contato com a Hine! Somos especialistas em componentes para sistemas hidr\u00e1ulicos.","breadcrumb":{"@id":"https:\/\/www.hinegroup.com\/spare-parts-and-consumables\/tube-fittings\/#breadcrumb"},"inLanguage":"pt-PT","potentialAction":[{"@type":"ReadAction","target":["https:\/\/www.hinegroup.com\/spare-parts-and-consumables\/tube-fittings\/"]}]},{"@type":"ImageObject","inLanguage":"pt-PT","@id":"https:\/\/www.hinegroup.com\/spare-parts-and-consumables\/tube-fittings\/#primaryimage","url":"https:\/\/www.hinegroup.com\/wp-content\/uploads\/2019\/10\/tube-fittings.jpg","contentUrl":"https:\/\/www.hinegroup.com\/wp-content\/uploads\/2019\/10\/tube-fittings.jpg","width":966,"height":966,"caption":"Tube Fittings Spare Parts"},{"@type":"BreadcrumbList","@id":"https:\/\/www.hinegroup.com\/spare-parts-and-consumables\/tube-fittings\/#breadcrumb","itemListElement":[{"@type":"ListItem","position":1,"name":"Portada","item":"https:\/\/www.hinegroup.com\/pt\/"},{"@type":"ListItem","position":2,"name":"Pe\u00e7as de reposi\u00e7\u00e3o e consum\u00edveis","item":"https:\/\/www.hinegroup.com\/pt\/pecas-de-reposicao-e-consumiveis\/"},{"@type":"ListItem","position":3,"name":"Acess\u00f3rios para tubos"}]},{"@type":"WebSite","@id":"https:\/\/www.hinegroup.com\/#website","url":"https:\/\/www.hinegroup.com\/","name":"Hine","description":"Hine Group \u2013 Hydraulics for Renewables and Industrial Applications","potentialAction":[{"@type":"SearchAction","target":{"@type":"EntryPoint","urlTemplate":"https:\/\/www.hinegroup.com\/?s={search_term_string}"},"query-input":{"@type":"PropertyValueSpecification","valueRequired":true,"valueName":"search_term_string"}}],"inLanguage":"pt-PT"}]}},"_links":{"self":[{"href":"https:\/\/www.hinegroup.com\/pt\/wp-json\/wp\/v2\/pages\/12918","targetHints":{"allow":["GET"]}}],"collection":[{"href":"https:\/\/www.hinegroup.com\/pt\/wp-json\/wp\/v2\/pages"}],"about":[{"href":"https:\/\/www.hinegroup.com\/pt\/wp-json\/wp\/v2\/types\/page"}],"author":[{"embeddable":true,"href":"https:\/\/www.hinegroup.com\/pt\/wp-json\/wp\/v2\/users\/1"}],"replies":[{"embeddable":true,"href":"https:\/\/www.hinegroup.com\/pt\/wp-json\/wp\/v2\/comments?post=12918"}],"version-history":[{"count":2,"href":"https:\/\/www.hinegroup.com\/pt\/wp-json\/wp\/v2\/pages\/12918\/revisions"}],"predecessor-version":[{"id":12920,"href":"https:\/\/www.hinegroup.com\/pt\/wp-json\/wp\/v2\/pages\/12918\/revisions\/12920"}],"up":[{"embeddable":true,"href":"https:\/\/www.hinegroup.com\/pt\/wp-json\/wp\/v2\/pages\/12874"}],"wp:featuredmedia":[{"embeddable":true,"href":"https:\/\/www.hinegroup.com\/pt\/wp-json\/wp\/v2\/media\/12163"}],"wp:attachment":[{"href":"https:\/\/www.hinegroup.com\/pt\/wp-json\/wp\/v2\/media?parent=12918"}],"curies":[{"name":"wp","href":"https:\/\/api.w.org\/{rel}","templated":true}]}}